{"id":250204,"date":"2024-06-10T09:24:52","date_gmt":"2024-06-10T09:24:52","guid":{"rendered":"https:\/\/lagoonresort.blimeystage.co.uk\/?page_id=250204"},"modified":"2025-02-17T13:25:45","modified_gmt":"2025-02-17T13:25:45","slug":"activities-for-all","status":"publish","type":"page","link":"https:\/\/lagoonresort.blimeystage.co.uk\/es\/hoteles\/complejo-turistico-de-tortuga\/actividades-para-todos\/","title":{"rendered":"Actividades para todos"},"content":{"rendered":"[et_pb_section fb_built=&#8221;1&#8243; fullwidth=&#8221;on&#8221; _builder_version=&#8221;4.25.1&#8243; _module_preset=&#8221;default&#8221; custom_padding=&#8221;||||false|false&#8221; global_colors_info=&#8221;{}&#8221;][et_pb_fullwidth_header title=&#8221;Activities for All&#8221; button_one_url=&#8221;\/&#8221; _builder_version=&#8221;4.25.1&#8243; _module_preset=&#8221;default&#8221; title_font=&#8221;|&#8211;et_global_heading_font_weight||on|||||&#8221; title_text_align=&#8221;center&#8221; title_font_size=&#8221;60px&#8221; content_font=&#8221;|&#8211;et_global_body_font_weight|||||||&#8221; subhead_font_size=&#8221;26px&#8221; background_image=&#8221;https:\/\/lagoonresort.blimeystage.co.uk\/wp-content\/uploads\/tortugaresortactivitiespageheader-bannerimage-1445x867px.webp&#8221; custom_padding=&#8221;||45vw||false|false&#8221; text_shadow_style=&#8221;preset1&#8243; global_colors_info=&#8221;{}&#8221;][\/et_pb_fullwidth_header][\/et_pb_section][et_pb_section fb_built=&#8221;1&#8243; disabled_on=&#8221;on|on|off&#8221; _builder_version=&#8221;4.25.1&#8243; _module_preset=&#8221;default&#8221; custom_padding=&#8221;0px|0px|0px|0px|true|true&#8221; sticky_position=&#8221;top&#8221; sticky_limit_bottom=&#8221;body&#8221; locked=&#8221;off&#8221; global_colors_info=&#8221;{}&#8221;][et_pb_row make_equal=&#8221;on&#8221; module_class=&#8221;resort-nav&#8221; _builder_version=&#8221;4.25.1&#8243; _module_preset=&#8221;default&#8221; background_color=&#8221;gcid-heading-color&#8221; width=&#8221;100%&#8221; max_width=&#8221;100%&#8221; custom_padding=&#8221;0px|0px|0px|0px|true|true&#8221; global_colors_info=&#8221;{%22gcid-heading-color%22:%91%22background_color%22%93}&#8221;][et_pb_column type=&#8221;4_4&#8243; _builder_version=&#8221;4.25.1&#8243; _module_preset=&#8221;default&#8221; pac_dcm_carousel_specific_module_num=&#8221;0&#8243; global_colors_info=&#8221;{}&#8221;][et_pb_menu menu_id=&#8221;23&#8243; active_link_color=&#8221;#FFFFFF&#8221; menu_icon_color_tablet=&#8221;gcid-secondary-color&#8221; menu_icon_color_phone=&#8221;gcid-secondary-color&#8221; menu_icon_color_last_edited=&#8221;on|tablet&#8221; module_class=&#8221;pa-menu-without-logo&#8221; _builder_version=&#8221;4.25.1&#8243; _module_preset=&#8221;default&#8221; menu_font=&#8221;|||on|||||&#8221; background_color=&#8221;#03364D&#8221; text_orientation=&#8221;justified&#8221; background_layout=&#8221;dark&#8221; custom_margin=&#8221;|0px||0px|false|true&#8221; custom_padding=&#8221;|0px||0px|false|true&#8221; custom_padding_tablet=&#8221;||||false|false&#8221; custom_padding_phone=&#8221;||||false|false&#8221; custom_padding_last_edited=&#8221;on|tablet&#8221; text_orientation_tablet=&#8221;right&#8221; text_orientation_phone=&#8221;right&#8221; text_orientation_last_edited=&#8221;on|tablet&#8221; global_colors_info=&#8221;{%22gcid-secondary-color%22:%91%22menu_icon_color_tablet%22%93}&#8221; dropdown_menu_bg_color__sticky_enabled=&#8221;off|sticky&#8221;][\/et_pb_menu][\/et_pb_column][\/et_pb_row][\/et_pb_section][et_pb_section fb_built=&#8221;1&#8243; _builder_version=&#8221;4.27.2&#8243; _module_preset=&#8221;default&#8221; background_color=&#8221;gcid-0bbebaa2-3955-4e24-b448-5e065689a284&#8243; custom_padding=&#8221;2px||2px||false|false&#8221; global_colors_info=&#8221;{%22gcid-0bbebaa2-3955-4e24-b448-5e065689a284%22:%91%22background_color%22%93}&#8221;][et_pb_row column_structure=&#8221;1_2,1_2&#8243; make_equal=&#8221;on&#8221; _builder_version=&#8221;4.25.1&#8243; _module_preset=&#8221;default&#8221; global_colors_info=&#8221;{}&#8221;][et_pb_column type=&#8221;1_2&#8243; _builder_version=&#8221;4.25.1&#8243; _module_preset=&#8221;default&#8221; pac_dcm_carousel_specific_module_num=&#8221;0&#8243; global_colors_info=&#8221;{}&#8221;][et_pb_image src=&#8221;https:\/\/lagoonresort.blimeystage.co.uk\/wp-content\/uploads\/tortugaresortactivitiespage-mediumlandscape1-900x600px-1.webp&#8221; alt=&#8221;Sitting by the pool&#8221; title_text=&#8221;tortugaresortactivitiespage-mediumlandscape1-900x600px&#8221; _builder_version=&#8221;4.27.2&#8243; _module_preset=&#8221;default&#8221; global_colors_info=&#8221;{}&#8221;][\/et_pb_image][\/et_pb_column][et_pb_column type=&#8221;1_2&#8243; _builder_version=&#8221;4.25.1&#8243; _module_preset=&#8221;default&#8221; custom_css_main_element=&#8221;margin: auto;&#8221; pac_dcm_carousel_specific_module_num=&#8221;0&#8243; global_colors_info=&#8221;{}&#8221;][et_pb_text _builder_version=&#8221;4.25.1&#8243; _module_preset=&#8221;default&#8221; header_font_size=&#8221;36px&#8221; header_2_font=&#8221;|||on|||||&#8221; header_2_font_size=&#8221;34px&#8221; custom_padding=&#8221;50px|20%||15%|false|false&#8221; custom_padding_tablet=&#8221;|0px|30px|0px|false|true&#8221; custom_padding_phone=&#8221;7px|0px|30px|0px|false|true&#8221; custom_padding_last_edited=&#8221;on|tablet&#8221; locked=&#8221;off&#8221; global_colors_info=&#8221;{}&#8221;]<h2>Gimnasio en la puerta de casa<\/h2>\n<p>Situado dentro del edificio principal del hotel, el gimnasio del centro de fitness se encuentra en una amplia sala con aire acondicionado y est\u00e1 abierto los siete d\u00edas de la semana.<\/p>[\/et_pb_text][\/et_pb_column][\/et_pb_row][\/et_pb_section][et_pb_section fb_built=&#8221;1&#8243; _builder_version=&#8221;4.27.2&#8243; _module_preset=&#8221;default&#8221; custom_padding=&#8221;2px||2px||false|false&#8221; global_colors_info=&#8221;{}&#8221;][et_pb_row column_structure=&#8221;1_2,1_2&#8243; make_equal=&#8221;on&#8221; _builder_version=&#8221;4.25.1&#8243; _module_preset=&#8221;default&#8221; global_colors_info=&#8221;{}&#8221;][et_pb_column type=&#8221;1_2&#8243; _builder_version=&#8221;4.25.1&#8243; _module_preset=&#8221;default&#8221; custom_css_main_element=&#8221;margin: auto;&#8221; pac_dcm_carousel_specific_module_num=&#8221;0&#8243; global_colors_info=&#8221;{}&#8221;][et_pb_text _builder_version=&#8221;4.25.1&#8243; _module_preset=&#8221;default&#8221; header_font_size=&#8221;36px&#8221; header_2_font=&#8221;|||on|||||&#8221; header_2_font_size=&#8221;34px&#8221; custom_padding=&#8221;50px|20%||15%|false|false&#8221; custom_padding_tablet=&#8221;|0px|30px|0px|false|true&#8221; custom_padding_phone=&#8221;11px|0px|30px|0px|false|true&#8221; custom_padding_last_edited=&#8221;on|tablet&#8221; locked=&#8221;off&#8221; global_colors_info=&#8221;{}&#8221;]<h2>Yoga, buceo o simplemente diversi\u00f3n<\/h2>\n<p>Creemos firmemente que la diversi\u00f3n no tiene l\u00edmite de edad. En Tortuga Beach, tenemos una serie de emocionantes actividades dise\u00f1adas s\u00f3lo para adultos. Empieza el d\u00eda con una refrescante clase de estiramientos, perfecta para sacudirse el cansancio del viaje.<br \/>Tambi\u00e9n puede probar el snorkel, que te animar\u00e1 a nadar por un asombroso mundo submarino. O simplemente t\u00f3mate tu tiempo y curiosea en la boutique o en el puesto de regalos.<\/p>\n<p>Consulte el programa de eventos a tu llegada.<\/p>[\/et_pb_text][\/et_pb_column][et_pb_column type=&#8221;1_2&#8243; _builder_version=&#8221;4.25.1&#8243; _module_preset=&#8221;default&#8221; custom_css_main_element=&#8221;margin: auto;&#8221; pac_dcm_carousel_specific_module_num=&#8221;0&#8243; global_colors_info=&#8221;{}&#8221;][et_pb_image src=&#8221;https:\/\/lagoonresort.blimeystage.co.uk\/wp-content\/uploads\/tortugaresortactivitiespage-largerportraitimage1-900x1100px.webp&#8221; alt=&#8221;Late bar&#8221; title_text=&#8221;tortugaresortactivitiespage-largerportraitimage1-900x1100px&#8221; _builder_version=&#8221;4.25.1&#8243; _module_preset=&#8221;default&#8221; width=&#8221;80%&#8221; module_alignment=&#8221;right&#8221; custom_margin=&#8221;||-40%||false|false&#8221; custom_margin_tablet=&#8221;0px||||false|false&#8221; custom_margin_phone=&#8221;0px||||false|false&#8221; custom_margin_last_edited=&#8221;on|tablet&#8221; custom_padding=&#8221;||||false|false&#8221; animation_style=&#8221;slide&#8221; animation_direction=&#8221;right&#8221; animation_intensity_slide=&#8221;20%&#8221; global_colors_info=&#8221;{}&#8221;][\/et_pb_image][et_pb_image src=&#8221;https:\/\/lagoonresort.blimeystage.co.uk\/wp-content\/uploads\/tortugaresortactivitiespage-squareimage1-900x900px.webp&#8221; alt=&#8221;Relaxing Spa&#8221; title_text=&#8221;tortugaresortactivitiespage-squareimage1-900x900px&#8221; _builder_version=&#8221;4.25.1&#8243; _module_preset=&#8221;default&#8221; width=&#8221;40%&#8221; animation_style=&#8221;slide&#8221; animation_intensity_slide=&#8221;20%&#8221; global_colors_info=&#8221;{}&#8221;][\/et_pb_image][\/et_pb_column][\/et_pb_row][\/et_pb_section][et_pb_section fb_built=&#8221;1&#8243; fullwidth=&#8221;on&#8221; _builder_version=&#8221;4.25.1&#8243; _module_preset=&#8221;default&#8221; locked=&#8221;off&#8221; global_colors_info=&#8221;{}&#8221;][et_pb_fullwidth_code _builder_version=&#8221;4.25.1&#8243; _module_preset=&#8221;default&#8221; global_colors_info=&#8221;{}&#8221;]<div id=\"metaslider-id-250266\" style=\"width: 100%; margin: 0 auto;\" class=\"ml-slider-3-92-0 metaslider metaslider-flex metaslider-250266 ml-slider ms-theme-bubble nav-hidden\" role=\"region\" aria-roledescription=\"Slideshow\" aria-label=\"Tortuga Beach Resort toboganes para adultos\">\n    <div id=\"metaslider_container_250266\">\n        <div id=\"metaslider_250266\">\n            <ul class='slides'>\n                <li style=\"display: block; width: 100%;\" class=\"slide-250267 ms-image\" aria-roledescription=\"slide\" aria-label=\"diapositiva-250267\"><img loading=\"lazy\" decoding=\"async\" src=\"https:\/\/lagoonresort.blimeystage.co.uk\/wp-content\/uploads\/tortugaresortactivitiespage-galleryslide1-1400x600px.webp\" height=\"600\" width=\"1400\" alt=\"Una mujer tomando una copa junto a una piscina\" class=\"slider-250266 slide-250267\" title=\"tortugaresortactividadesp\u00e1gina-galleryslide1-1400x600px\" \/><\/li>\n                <li style=\"display: none; width: 100%;\" class=\"slide-250268 ms-image\" aria-roledescription=\"slide\" aria-label=\"diapositiva-250268\"><img loading=\"lazy\" decoding=\"async\" src=\"https:\/\/lagoonresort.blimeystage.co.uk\/wp-content\/uploads\/tortugaresortactivitiespage-galleryslide2-1400x600px.webp\" height=\"600\" width=\"1400\" alt=\"Bicicletas de spinning en un gimnasio\" class=\"slider-250266 slide-250268\" title=\"tortugaresortactividadesp\u00e1gina-galleryslide2-1400x600px\" \/><\/li>\n                <li style=\"display: none; width: 100%;\" class=\"slide-250269 ms-image\" aria-roledescription=\"slide\" aria-label=\"diapositiva-250269\"><img loading=\"lazy\" decoding=\"async\" src=\"https:\/\/lagoonresort.blimeystage.co.uk\/wp-content\/uploads\/tortugaresortactivitiespage-galleryslide3-1400x600px.webp\" height=\"600\" width=\"1400\" alt=\"Una pareja descansa en la playa\" class=\"slider-250266 slide-250269\" title=\"tortugaresortactividadesp\u00e1gina-galleryslide3-1400x600px\" \/><\/li>\n                <li style=\"display: none; width: 100%;\" class=\"slide-250857 ms-image\" aria-roledescription=\"slide\" aria-label=\"diapositiva-250857\"><img loading=\"lazy\" decoding=\"async\" src=\"https:\/\/lagoonresort.blimeystage.co.uk\/wp-content\/uploads\/Tortuga-pool-activities.jpg\" height=\"600\" width=\"1400\" alt=\"Actividades en la piscina Tortuga\" class=\"slider-250266 slide-250857\" title=\"Tortuga-piscina-actividades\" \/><\/li>\n            <\/ul>\n        <\/div>\n        \n    <\/div>\n<\/div>[\/et_pb_fullwidth_code][\/et_pb_section][et_pb_section fb_built=&#8221;1&#8243; _builder_version=&#8221;4.27.2&#8243; _module_preset=&#8221;default&#8221; custom_padding=&#8221;2px||2px||false|false&#8221; locked=&#8221;off&#8221; global_colors_info=&#8221;{}&#8221;][et_pb_row column_structure=&#8221;2_5,3_5&#8243; make_equal=&#8221;on&#8221; _builder_version=&#8221;4.25.1&#8243; _module_preset=&#8221;default&#8221; global_colors_info=&#8221;{}&#8221;][et_pb_column type=&#8221;2_5&#8243; _builder_version=&#8221;4.25.1&#8243; _module_preset=&#8221;default&#8221; custom_css_main_element=&#8221;margin: auto;&#8221; pac_dcm_carousel_specific_module_num=&#8221;0&#8243; global_colors_info=&#8221;{}&#8221;][et_pb_text _builder_version=&#8221;4.25.1&#8243; _module_preset=&#8221;default&#8221; header_font_size=&#8221;36px&#8221; header_2_font=&#8221;|||on|||||&#8221; header_2_font_size=&#8221;34px&#8221; custom_padding=&#8221;50px|20%||15%|false|false&#8221; custom_padding_tablet=&#8221;|0px|30px|0px|false|true&#8221; custom_padding_phone=&#8221;6px|0px|30px|0px|false|true&#8221; custom_padding_last_edited=&#8221;on|tablet&#8221; locked=&#8221;off&#8221; global_colors_info=&#8221;{}&#8221;]<h2>El club infantil<\/h2>\n<p>Abrimos los siete d\u00edas de la semana para todos los ni\u00f1os de 5 a 12 a\u00f1os, a los que les encantar\u00e1 la variedad de actividades que ofrecemos. Con juegos como waterpolo, v\u00f3ley-playa y manualidades, seguro que hacen muchos amigos nuevos y se mantienen activos desde el primer momento. Consulte el programa semanal de actividades a su llegada.<\/p>[\/et_pb_text][\/et_pb_column][et_pb_column type=&#8221;3_5&#8243; _builder_version=&#8221;4.25.1&#8243; _module_preset=&#8221;default&#8221; pac_dcm_carousel_specific_module_num=&#8221;0&#8243; global_colors_info=&#8221;{}&#8221;][et_pb_image src=&#8221;https:\/\/lagoonresort.blimeystage.co.uk\/wp-content\/uploads\/tortugaresortkidspage-largerportraitimage1-900x1100px.webp&#8221; alt=&#8221;Kids face painting&#8221; title_text=&#8221;tortugaresortkidspage-largerportraitimage1-900x1100px&#8221; _builder_version=&#8221;4.25.1&#8243; _module_preset=&#8221;default&#8221; width=&#8221;80%&#8221; module_alignment=&#8221;left&#8221; custom_margin=&#8221;||-40%||false|false&#8221; custom_margin_tablet=&#8221;0px||||false|false&#8221; custom_margin_phone=&#8221;0px||||false|false&#8221; custom_margin_last_edited=&#8221;on|tablet&#8221; custom_padding=&#8221;||||false|false&#8221; animation_style=&#8221;flip&#8221; animation_direction=&#8221;right&#8221; global_colors_info=&#8221;{}&#8221;][\/et_pb_image][et_pb_image src=&#8221;https:\/\/lagoonresort.blimeystage.co.uk\/wp-content\/uploads\/tortugaresortkidspage-squareimage1-900x900px.webp&#8221; alt=&#8221;Kids computer games&#8221; title_text=&#8221;tortugaresortkidspage-squareimage1-900x900px&#8221; align=&#8221;right&#8221; _builder_version=&#8221;4.25.1&#8243; _module_preset=&#8221;default&#8221; width=&#8221;40%&#8221; animation_style=&#8221;slide&#8221; animation_intensity_slide=&#8221;20%&#8221; global_colors_info=&#8221;{}&#8221;][\/et_pb_image][\/et_pb_column][\/et_pb_row][\/et_pb_section]","protected":false},"excerpt":{"rendered":"<p>A fitness centre &amp; gym on your doorstep Located within the main hotel building, the fitness centre gym is set in a spacious air-conditioned room and is open seven days a week.Yoga, Scuba diving, or just plain fun We firmly believe that fun has no age limit! At Tortuga Beach, we\u2019ve have a number of [&hellip;]<\/p>","protected":false},"author":7,"featured_media":250727,"parent":315,"menu_order":0,"comment_status":"closed","ping_status":"closed","template":"","meta":{"_et_pb_use_builder":"on","_et_pb_old_content":"","_et_gb_content_width":"","content-type":"","footnotes":""},"class_list":["post-250204","page","type-page","status-publish","has-post-thumbnail","hentry"],"yoast_head":"<!-- This site is optimized with the Yoast SEO plugin v23.6 - https:\/\/yoast.com\/wordpress\/plugins\/seo\/ -->\n<title>Tortuga Resort | Activites for all | The Lagoon<\/title>\n<meta name=\"description\" content=\"Adventure or relaxation? Tortuga Resort offers thrilling activities &amp; tranquil escapes for all. Experience the best of Cape Verde.\" \/>\n<meta name=\"robots\" content=\"noindex, follow, max-snippet:-1, max-image-preview:large, max-video-preview:-1\" \/>\n<meta property=\"og:locale\" content=\"es_ES\" \/>\n<meta property=\"og:type\" content=\"article\" \/>\n<meta property=\"og:title\" content=\"Tortuga Resort | Activites for all | The Lagoon\" \/>\n<meta property=\"og:description\" content=\"Adventure or relaxation? Tortuga Resort offers thrilling activities &amp; tranquil escapes for all. Experience the best of Cape Verde.\" \/>\n<meta property=\"og:url\" content=\"https:\/\/lagoonresort.blimeystage.co.uk\/es\/hoteles\/complejo-turistico-de-tortuga\/actividades-para-todos\/\" \/>\n<meta property=\"og:site_name\" content=\"The Lagoon\" \/>\n<meta property=\"article:modified_time\" content=\"2025-02-17T13:25:45+00:00\" \/>\n<meta property=\"og:image\" content=\"https:\/\/lagoonresort.blimeystage.co.uk\/wp-content\/uploads\/tortugaresortactivitiespageheader-bannerimage-1445x867px.webp\" \/>\n\t<meta property=\"og:image:width\" content=\"1445\" \/>\n\t<meta property=\"og:image:height\" content=\"867\" \/>\n\t<meta property=\"og:image:type\" content=\"image\/webp\" \/>\n<meta name=\"twitter:card\" content=\"summary_large_image\" \/>\n<meta name=\"twitter:label1\" content=\"Tiempo de lectura\" \/>\n\t<meta name=\"twitter:data1\" content=\"3 minutos\" \/>\n<script type=\"application\/ld+json\" class=\"yoast-schema-graph\">{\"@context\":\"https:\/\/schema.org\",\"@graph\":[{\"@type\":\"WebPage\",\"@id\":\"https:\/\/lagoonresort.blimeystage.co.uk\/hotels\/tortuga-resort\/activities-for-all\/\",\"url\":\"https:\/\/lagoonresort.blimeystage.co.uk\/hotels\/tortuga-resort\/activities-for-all\/\",\"name\":\"Tortuga Resort | Activites for all | The Lagoon\",\"isPartOf\":{\"@id\":\"https:\/\/lagoonresort.blimeystage.co.uk\/#website\"},\"primaryImageOfPage\":{\"@id\":\"https:\/\/lagoonresort.blimeystage.co.uk\/hotels\/tortuga-resort\/activities-for-all\/#primaryimage\"},\"image\":{\"@id\":\"https:\/\/lagoonresort.blimeystage.co.uk\/hotels\/tortuga-resort\/activities-for-all\/#primaryimage\"},\"thumbnailUrl\":\"https:\/\/lagoonresort.blimeystage.co.uk\/wp-content\/uploads\/tortugaresortactivitiespageheader-bannerimage-1445x867px.webp\",\"datePublished\":\"2024-06-10T09:24:52+00:00\",\"dateModified\":\"2025-02-17T13:25:45+00:00\",\"description\":\"Adventure or relaxation? Tortuga Resort offers thrilling activities & tranquil escapes for all. Experience the best of Cape Verde.\",\"breadcrumb\":{\"@id\":\"https:\/\/lagoonresort.blimeystage.co.uk\/hotels\/tortuga-resort\/activities-for-all\/#breadcrumb\"},\"inLanguage\":\"es\",\"potentialAction\":[{\"@type\":\"ReadAction\",\"target\":[\"https:\/\/lagoonresort.blimeystage.co.uk\/hotels\/tortuga-resort\/activities-for-all\/\"]}]},{\"@type\":\"ImageObject\",\"inLanguage\":\"es\",\"@id\":\"https:\/\/lagoonresort.blimeystage.co.uk\/hotels\/tortuga-resort\/activities-for-all\/#primaryimage\",\"url\":\"https:\/\/lagoonresort.blimeystage.co.uk\/wp-content\/uploads\/tortugaresortactivitiespageheader-bannerimage-1445x867px.webp\",\"contentUrl\":\"https:\/\/lagoonresort.blimeystage.co.uk\/wp-content\/uploads\/tortugaresortactivitiespageheader-bannerimage-1445x867px.webp\",\"width\":1445,\"height\":867,\"caption\":\"A couple sightseeing in Cape Verde\"},{\"@type\":\"BreadcrumbList\",\"@id\":\"https:\/\/lagoonresort.blimeystage.co.uk\/hotels\/tortuga-resort\/activities-for-all\/#breadcrumb\",\"itemListElement\":[{\"@type\":\"ListItem\",\"position\":1,\"name\":\"Home\",\"item\":\"https:\/\/lagoonresort.blimeystage.co.uk\/\"},{\"@type\":\"ListItem\",\"position\":2,\"name\":\"Hotels\",\"item\":\"https:\/\/lagoonresort.blimeystage.co.uk\/?page_id=309\"},{\"@type\":\"ListItem\",\"position\":3,\"name\":\"Tortuga Resort\",\"item\":\"https:\/\/lagoonresort.blimeystage.co.uk\/hotels\/tortuga-resort\/\"},{\"@type\":\"ListItem\",\"position\":4,\"name\":\"Activities for All\"}]},{\"@type\":\"WebSite\",\"@id\":\"https:\/\/lagoonresort.blimeystage.co.uk\/#website\",\"url\":\"https:\/\/lagoonresort.blimeystage.co.uk\/\",\"name\":\"The Lagoon\",\"description\":\"Luxury Beach Front Hotels &amp; Spas\",\"publisher\":{\"@id\":\"https:\/\/lagoonresort.blimeystage.co.uk\/#organization\"},\"potentialAction\":[{\"@type\":\"SearchAction\",\"target\":{\"@type\":\"EntryPoint\",\"urlTemplate\":\"https:\/\/lagoonresort.blimeystage.co.uk\/?s={search_term_string}\"},\"query-input\":{\"@type\":\"PropertyValueSpecification\",\"valueRequired\":true,\"valueName\":\"search_term_string\"}}],\"inLanguage\":\"es\"},{\"@type\":\"Organization\",\"@id\":\"https:\/\/lagoonresort.blimeystage.co.uk\/#organization\",\"name\":\"The Lagoon\",\"url\":\"https:\/\/lagoonresort.blimeystage.co.uk\/\",\"logo\":{\"@type\":\"ImageObject\",\"inLanguage\":\"es\",\"@id\":\"https:\/\/lagoonresort.blimeystage.co.uk\/#\/schema\/logo\/image\/\",\"url\":\"https:\/\/lagoonresort.blimeystage.co.uk\/wp-content\/uploads\/dunasresortpageheader-bannerimage-1445x867px.webp\",\"contentUrl\":\"https:\/\/lagoonresort.blimeystage.co.uk\/wp-content\/uploads\/dunasresortpageheader-bannerimage-1445x867px.webp\",\"width\":1445,\"height\":867,\"caption\":\"The Lagoon\"},\"image\":{\"@id\":\"https:\/\/lagoonresort.blimeystage.co.uk\/#\/schema\/logo\/image\/\"}}]}<\/script>\n<!-- \/ Yoast SEO plugin. -->","yoast_head_json":{"title":"Tortuga Resort | Activites for all | The Lagoon","description":"Adventure or relaxation? Tortuga Resort offers thrilling activities & tranquil escapes for all. Experience the best of Cape Verde.","robots":{"index":"noindex","follow":"follow","max-snippet":"max-snippet:-1","max-image-preview":"max-image-preview:large","max-video-preview":"max-video-preview:-1"},"og_locale":"es_ES","og_type":"article","og_title":"Tortuga Resort | Activites for all | The Lagoon","og_description":"Adventure or relaxation? Tortuga Resort offers thrilling activities & tranquil escapes for all. Experience the best of Cape Verde.","og_url":"https:\/\/lagoonresort.blimeystage.co.uk\/es\/hoteles\/complejo-turistico-de-tortuga\/actividades-para-todos\/","og_site_name":"The Lagoon","article_modified_time":"2025-02-17T13:25:45+00:00","og_image":[{"width":1445,"height":867,"url":"https:\/\/lagoonresort.blimeystage.co.uk\/wp-content\/uploads\/tortugaresortactivitiespageheader-bannerimage-1445x867px.webp","type":"image\/webp"}],"twitter_card":"summary_large_image","twitter_misc":{"Tiempo de lectura":"3 minutos"},"schema":{"@context":"https:\/\/schema.org","@graph":[{"@type":"WebPage","@id":"https:\/\/lagoonresort.blimeystage.co.uk\/hotels\/tortuga-resort\/activities-for-all\/","url":"https:\/\/lagoonresort.blimeystage.co.uk\/hotels\/tortuga-resort\/activities-for-all\/","name":"Tortuga Resort | Activites for all | The Lagoon","isPartOf":{"@id":"https:\/\/lagoonresort.blimeystage.co.uk\/#website"},"primaryImageOfPage":{"@id":"https:\/\/lagoonresort.blimeystage.co.uk\/hotels\/tortuga-resort\/activities-for-all\/#primaryimage"},"image":{"@id":"https:\/\/lagoonresort.blimeystage.co.uk\/hotels\/tortuga-resort\/activities-for-all\/#primaryimage"},"thumbnailUrl":"https:\/\/lagoonresort.blimeystage.co.uk\/wp-content\/uploads\/tortugaresortactivitiespageheader-bannerimage-1445x867px.webp","datePublished":"2024-06-10T09:24:52+00:00","dateModified":"2025-02-17T13:25:45+00:00","description":"Adventure or relaxation? Tortuga Resort offers thrilling activities & tranquil escapes for all. Experience the best of Cape Verde.","breadcrumb":{"@id":"https:\/\/lagoonresort.blimeystage.co.uk\/hotels\/tortuga-resort\/activities-for-all\/#breadcrumb"},"inLanguage":"es","potentialAction":[{"@type":"ReadAction","target":["https:\/\/lagoonresort.blimeystage.co.uk\/hotels\/tortuga-resort\/activities-for-all\/"]}]},{"@type":"ImageObject","inLanguage":"es","@id":"https:\/\/lagoonresort.blimeystage.co.uk\/hotels\/tortuga-resort\/activities-for-all\/#primaryimage","url":"https:\/\/lagoonresort.blimeystage.co.uk\/wp-content\/uploads\/tortugaresortactivitiespageheader-bannerimage-1445x867px.webp","contentUrl":"https:\/\/lagoonresort.blimeystage.co.uk\/wp-content\/uploads\/tortugaresortactivitiespageheader-bannerimage-1445x867px.webp","width":1445,"height":867,"caption":"A couple sightseeing in Cape Verde"},{"@type":"BreadcrumbList","@id":"https:\/\/lagoonresort.blimeystage.co.uk\/hotels\/tortuga-resort\/activities-for-all\/#breadcrumb","itemListElement":[{"@type":"ListItem","position":1,"name":"Home","item":"https:\/\/lagoonresort.blimeystage.co.uk\/"},{"@type":"ListItem","position":2,"name":"Hotels","item":"https:\/\/lagoonresort.blimeystage.co.uk\/?page_id=309"},{"@type":"ListItem","position":3,"name":"Tortuga Resort","item":"https:\/\/lagoonresort.blimeystage.co.uk\/hotels\/tortuga-resort\/"},{"@type":"ListItem","position":4,"name":"Activities for All"}]},{"@type":"WebSite","@id":"https:\/\/lagoonresort.blimeystage.co.uk\/#website","url":"https:\/\/lagoonresort.blimeystage.co.uk\/","name":"The Lagoon","description":"Luxury Beach Front Hotels &amp; Spas","publisher":{"@id":"https:\/\/lagoonresort.blimeystage.co.uk\/#organization"},"potentialAction":[{"@type":"SearchAction","target":{"@type":"EntryPoint","urlTemplate":"https:\/\/lagoonresort.blimeystage.co.uk\/?s={search_term_string}"},"query-input":{"@type":"PropertyValueSpecification","valueRequired":true,"valueName":"search_term_string"}}],"inLanguage":"es"},{"@type":"Organization","@id":"https:\/\/lagoonresort.blimeystage.co.uk\/#organization","name":"The Lagoon","url":"https:\/\/lagoonresort.blimeystage.co.uk\/","logo":{"@type":"ImageObject","inLanguage":"es","@id":"https:\/\/lagoonresort.blimeystage.co.uk\/#\/schema\/logo\/image\/","url":"https:\/\/lagoonresort.blimeystage.co.uk\/wp-content\/uploads\/dunasresortpageheader-bannerimage-1445x867px.webp","contentUrl":"https:\/\/lagoonresort.blimeystage.co.uk\/wp-content\/uploads\/dunasresortpageheader-bannerimage-1445x867px.webp","width":1445,"height":867,"caption":"The Lagoon"},"image":{"@id":"https:\/\/lagoonresort.blimeystage.co.uk\/#\/schema\/logo\/image\/"}}]}},"_links":{"self":[{"href":"https:\/\/lagoonresort.blimeystage.co.uk\/es\/wp-json\/wp\/v2\/pages\/250204"}],"collection":[{"href":"https:\/\/lagoonresort.blimeystage.co.uk\/es\/wp-json\/wp\/v2\/pages"}],"about":[{"href":"https:\/\/lagoonresort.blimeystage.co.uk\/es\/wp-json\/wp\/v2\/types\/page"}],"author":[{"embeddable":true,"href":"https:\/\/lagoonresort.blimeystage.co.uk\/es\/wp-json\/wp\/v2\/users\/7"}],"replies":[{"embeddable":true,"href":"https:\/\/lagoonresort.blimeystage.co.uk\/es\/wp-json\/wp\/v2\/comments?post=250204"}],"version-history":[{"count":12,"href":"https:\/\/lagoonresort.blimeystage.co.uk\/es\/wp-json\/wp\/v2\/pages\/250204\/revisions"}],"predecessor-version":[{"id":253615,"href":"https:\/\/lagoonresort.blimeystage.co.uk\/es\/wp-json\/wp\/v2\/pages\/250204\/revisions\/253615"}],"up":[{"embeddable":true,"href":"https:\/\/lagoonresort.blimeystage.co.uk\/es\/wp-json\/wp\/v2\/pages\/315"}],"wp:featuredmedia":[{"embeddable":true,"href":"https:\/\/lagoonresort.blimeystage.co.uk\/es\/wp-json\/wp\/v2\/media\/250727"}],"wp:attachment":[{"href":"https:\/\/lagoonresort.blimeystage.co.uk\/es\/wp-json\/wp\/v2\/media?parent=250204"}],"curies":[{"name":"wp","href":"https:\/\/api.w.org\/{rel}","templated":true}]}}