{"id":250328,"date":"2024-06-24T14:29:55","date_gmt":"2024-06-24T14:29:55","guid":{"rendered":"https:\/\/lagoonresort.blimeystage.co.uk\/?page_id=250328"},"modified":"2025-02-17T11:20:58","modified_gmt":"2025-02-17T11:20:58","slug":"sal-island","status":"publish","type":"page","link":"https:\/\/lagoonresort.blimeystage.co.uk\/es\/isla-de-sal\/","title":{"rendered":"Isla de Sal"},"content":{"rendered":"[et_pb_section fb_built=\"1\u2033 fullwidth=\"on\" _builder_version=\"4.25.1\u2033 _module_preset=\"default\" custom_padding=\"||||false|false\" global_colors_info=\"{}\"][et_pb_fullwidth_header title=\"Isla SAL\" button_one_url=\"\/\" _builder_version=\"4.25.1\u2033 _module_preset=\"default\" title_font=\"|-et_global_heading_font_weight||on|||||\" title_text_align=\"center\" title_font_size=\"60px\" content_font=\"|-et_global_body_font_weight|||||||\" content_text_align=\"center\" subhead_text_align=\"center\" subhead_font_size=\"26px\" background_image=\"https:\/\/lagoonresort.blimeystage.co.uk\/wp-content\/uploads\/salislandpageheader-bannerimage-1445x867px.webp\" background_enable_video_mp4=\"off\" custom_padding=\"||45vw||false|false\" content_text_shadow_style=\"preset1\u2033 text_shadow_style=\"preset1\u2033 global_colors_info=\"{}\"][\/et_pb_fullwidth_header][\/et_pb_section][et_pb_section fb_built=\"1\u2033 custom_padding_last_edited=\"on|phone\" _builder_version=\"4.25.1\u2033 _module_preset=\"default\" custom_padding_tablet=\"\" custom_padding_phone=\"10px||10px|||true|false\" locked=\"off\" global_colors_info=\"{}\"][et_pb_row _builder_version=\"4.25.1\u2033 _module_preset=\"default\" width=\"60%\" width_tablet=\"65%\" width_phone=\"90%\" width_last_edited=\"on|phone\" max_width=\"60%\" max_width_tablet=\"65%\" max_width_phone=\"90%\" max_width_last_edited=\"on|phone\" module_alignment=\"center\" global_colors_info=\"{}\"][et_pb_column type=\"4_4\u2033 _builder_version=\"4.25.1\u2033 _module_preset=\"default\" pac_dcm_carousel_specific_module_num=\"0\u2033 global_colors_info=\"{}\"][et_pb_text _builder_version=\"4.25.1\u2033 _module_preset=\"default\" header_font=\"|||||||\" header_font_size=\"50px\" header_2_font=\"|||||||\" header_2_font_size=\"34px\" text_orientation=\"center\" header_2_font_size_tablet=\"\" header_2_font_size_phone=\"\" header_2_font_size_last_edited=\"on|desktop\" global_colors_info=\"{}\"]<h2>La isla de Sal no se parece a ning\u00fan otro lugar del mundo<\/h2>\n<p>Enclavada frente a la c\u00e1lida costa occidental africana, Sal forma parte del archipi\u00e9lago de Cabo Verde. Este archipi\u00e9lago relativamente desconocido, con sus interminables arenas blancas y m\u00e1s de 350 d\u00edas de sol al a\u00f1o, es un crisol \u00fanico de culturas portuguesa, africana y brasile\u00f1a, que se refleja en la vibrante m\u00fasica, la moda y la maravillosa gastronom\u00eda de la isla.<\/p>\n<p>Los amantes del buceo y el submarinismo descubrir\u00e1n abundantes peces tropicales, tortugas Caretta y delfines. Los ni\u00f1os (\u00a1y los adultos!) se maravillar\u00e1n ante el espejismo de Terra Boa, una ilusi\u00f3n \u00f3ptica que evoca un lago de aspecto apacible surgido de la nada. Visite Pedra de Lume, con sus terap\u00e9uticas aguas saladas en el cr\u00e1ter de un volc\u00e1n extinguido. Vaya donde vaya, ser\u00e1 recibido por la gente m\u00e1s amable, degustar\u00e1 deliciosa comida fresca y estar\u00e1 rodeado de impresionantes playas de arena. No es de extra\u00f1ar que el lema de la isla sea \"Sin estr\u00e9s\".<\/p>[\/et_pb_text][\/et_pb_column][\/et_pb_row][\/et_pb_section][et_pb_section fb_built=\"1\u2033 fullwidth=\"on\" _builder_version=\"4.25.1\u2033 _module_preset=\"default\" global_colors_info=\"{}\"][et_pb_fullwidth_code _builder_version=\"4.25.1\u2033 _module_preset=\"default\" global_colors_info=\"{}\"]<div id=\"metaslider-id-250410\" style=\"width: 100%; margin: 0 auto;\" class=\"ml-slider-3-92-0 metaslider metaslider-flex metaslider-250410 ml-slider ms-theme-bubble nav-hidden\" role=\"region\" aria-roledescription=\"Slideshow\" aria-label=\"Toboganes de la isla SAL\">\n    <div id=\"metaslider_container_250410\">\n        <div id=\"metaslider_250410\">\n            <ul class='slides'>\n                <li style=\"display: block; width: 100%;\" class=\"slide-250411 ms-image\" aria-roledescription=\"slide\" aria-label=\"diapositiva-250411\"><img loading=\"lazy\" decoding=\"async\" src=\"https:\/\/lagoonresort.blimeystage.co.uk\/wp-content\/uploads\/salislandresortpage-galleryslide1-1400x600px.webp\" height=\"600\" width=\"1400\" alt=\"Una persona practica surf en Cabo Verde\" class=\"slider-250410 slide-250411\" title=\"salislandresortpage-galleryslide1-1400x600px\" \/><\/li>\n                <li style=\"display: none; width: 100%;\" class=\"slide-250412 ms-image\" aria-roledescription=\"slide\" aria-label=\"diapositiva-250412\"><img loading=\"lazy\" decoding=\"async\" src=\"https:\/\/lagoonresort.blimeystage.co.uk\/wp-content\/uploads\/salislandresortpage-galleryslide2-1400x600px.webp\" height=\"600\" width=\"1400\" alt=\"Gente haciendo una hoguera en la playa\" class=\"slider-250410 slide-250412\" title=\"salislandresortpage-galleryslide2-1400x600px\" \/><\/li>\n                <li style=\"display: none; width: 100%;\" class=\"slide-250413 ms-image\" aria-roledescription=\"slide\" aria-label=\"diapositiva-250413\"><img loading=\"lazy\" decoding=\"async\" src=\"https:\/\/lagoonresort.blimeystage.co.uk\/wp-content\/uploads\/salislandresortpage-galleryslide3-1400x600px.webp\" height=\"600\" width=\"1400\" alt=\"Gente llevando pescado reci\u00e9n pescado a la orilla\" class=\"slider-250410 slide-250413\" title=\"salislandresortpage-galleryslide3-1400x600px\" \/><\/li>\n                <li style=\"display: none; width: 100%;\" class=\"slide-250867 ms-image\" aria-roledescription=\"slide\" aria-label=\"diapositiva-250867\"><img loading=\"lazy\" decoding=\"async\" src=\"https:\/\/lagoonresort.blimeystage.co.uk\/wp-content\/uploads\/salislandresortpage-galleryslide4-1400x600px.webp\" height=\"600\" width=\"1400\" alt=\"Una pareja en la playa de Cabo Verde\" class=\"slider-250410 slide-250867\" title=\"salislandresortpage-galleryslide4-1400x600px\" \/><\/li>\n                <li style=\"display: none; width: 100%;\" class=\"slide-250870 ms-image\" aria-roledescription=\"slide\" aria-label=\"diapositiva-250870\"><img loading=\"lazy\" decoding=\"async\" src=\"https:\/\/lagoonresort.blimeystage.co.uk\/wp-content\/uploads\/salislandresortpage-galleryslide5-1400x600px.webp\" height=\"600\" width=\"1400\" alt=\"Mar azul en Cabo Verde\" class=\"slider-250410 slide-250870\" title=\"salislandresortpage-galleryslide5-1400x600px\" \/><\/li>\n                <li style=\"display: none; width: 100%;\" class=\"slide-250872 ms-image\" aria-roledescription=\"slide\" aria-label=\"diapositiva-250872\"><img loading=\"lazy\" decoding=\"async\" src=\"https:\/\/lagoonresort.blimeystage.co.uk\/wp-content\/uploads\/salislandresortpage-galleryslide6-1400x600px.webp\" height=\"600\" width=\"1400\" alt=\"Buceadores en el mar en la isla de Sal, Cabo Verde\" class=\"slider-250410 slide-250872\" title=\"salislandresortpage-galleryslide6-1400x600px\" \/><\/li>\n                <li style=\"display: none; width: 100%;\" class=\"slide-250873 ms-image\" aria-roledescription=\"slide\" aria-label=\"diapositiva-250873\"><img loading=\"lazy\" decoding=\"async\" src=\"https:\/\/lagoonresort.blimeystage.co.uk\/wp-content\/uploads\/salislandresortpage-galleryslide7-1400x600px.webp\" height=\"600\" width=\"1400\" alt=\"Una persona fotograf\u00eda la isla de Sal en Cabo Verde\" class=\"slider-250410 slide-250873\" title=\"salislandresortpage-galleryslide7-1400x600px\" \/><\/li>\n            <\/ul>\n        <\/div>\n        \n    <\/div>\n<\/div>[\/et_pb_fullwidth_code][\/et_pb_section][et_pb_section fb_built=\"1\u2033 _builder_version=\"4.25.1\u2033 _module_preset=\"default\" global_colors_info=\"{}\"][et_pb_row column_structure=\"1_2,1_2\u2033 make_equal=\"on\" _builder_version=\"4.25.1\u2033 _module_preset=\"default\" global_colors_info=\"{}\"][et_pb_column type=\"1_2\u2033 _builder_version=\"4.25.1\u2033 _module_preset=\"default\" custom_css_main_element=\"margin: auto;\" pac_dcm_carousel_specific_module_num=\"0\u2033 global_colors_info=\"{}\"][et_pb_text _builder_version=\"4.25.1\u2033 _module_preset=\"default\" header_font_size=\"36px\" header_2_font=\"|||on|||||\" header_2_font_size=\"34px\" custom_padding=\"50px|20%||15%|false|false\" custom_padding_tablet=\"|0px|30px|0px|false|true\" custom_padding_phone=\"|0px|30px|0px|false|true\" custom_padding_last_edited=\"on|tablet\" locked=\"off\" global_colors_info=\"{}\"]<h2>Santa Mar\u00eda<\/h2>\n<p>En el extremo sur de la isla de Sal se encuentra la encantadora localidad de Santa Mar\u00eda. Conocida por sus extensas playas, est\u00e1 salpicada de edificios de colores pastel. La casa de pesaje del viejo puerto recuerda la historia salinera de Sal, mientras que las aguas cristalinas albergan rayas y tortugas marinas. Cerca de all\u00ed, la playa de Kite Beach es un popular destino para practicar kitesurf.<\/p>[\/et_pb_text][\/et_pb_column][et_pb_column type=&#8221;1_2&#8243; _builder_version=&#8221;4.25.1&#8243; _module_preset=&#8221;default&#8221; custom_css_main_element=&#8221;margin: auto;&#8221; pac_dcm_carousel_specific_module_num=&#8221;0&#8243; global_colors_info=&#8221;{}&#8221;][et_pb_image src=&#8221;https:\/\/lagoonresort.blimeystage.co.uk\/wp-content\/uploads\/salislandresortpage-largerportraitimage1-900x1100px.webp&#8221; alt=&#8221;Sunset Party&#8221; title_text=&#8221;salislandresortpage-largerportraitimage1-900x1100px&#8221; _builder_version=&#8221;4.25.1&#8243; _module_preset=&#8221;default&#8221; custom_margin_tablet=&#8221;0px||||false|false&#8221; custom_margin_phone=&#8221;0px||||false|false&#8221; custom_margin_last_edited=&#8221;on|tablet&#8221; global_colors_info=&#8221;{}&#8221;][\/et_pb_image][\/et_pb_column][\/et_pb_row][\/et_pb_section][et_pb_section fb_built=&#8221;1&#8243; _builder_version=&#8221;4.25.1&#8243; _module_preset=&#8221;default&#8221; background_color=&#8221;gcid-0bbebaa2-3955-4e24-b448-5e065689a284&#8243; global_colors_info=&#8221;{%22gcid-0bbebaa2-3955-4e24-b448-5e065689a284%22:%91%22background_color%22%93}&#8221;][et_pb_row column_structure=&#8221;1_2,1_2&#8243; make_equal=&#8221;on&#8221; _builder_version=&#8221;4.25.1&#8243; _module_preset=&#8221;default&#8221; global_colors_info=&#8221;{}&#8221;][et_pb_column type=&#8221;1_2&#8243; _builder_version=&#8221;4.25.1&#8243; _module_preset=&#8221;default&#8221; pac_dcm_carousel_specific_module_num=&#8221;0&#8243; global_colors_info=&#8221;{}&#8221;][et_pb_image src=&#8221;https:\/\/lagoonresort.blimeystage.co.uk\/wp-content\/uploads\/salislandresortpage-mediumlandscape1-900x600px.webp&#8221; alt=&#8221;dunas amphitheater&#8221; title_text=&#8221;salislandresortpage-mediumlandscape1-900x600px&#8221; _builder_version=&#8221;4.25.1&#8243; _module_preset=&#8221;default&#8221; global_colors_info=&#8221;{}&#8221;][\/et_pb_image][\/et_pb_column][et_pb_column type=&#8221;1_2&#8243; _builder_version=&#8221;4.25.1&#8243; _module_preset=&#8221;default&#8221; custom_css_main_element=&#8221;margin: auto;&#8221; pac_dcm_carousel_specific_module_num=&#8221;0&#8243; global_colors_info=&#8221;{}&#8221;][et_pb_text _builder_version=&#8221;4.25.1&#8243; _module_preset=&#8221;default&#8221; header_font_size=&#8221;36px&#8221; header_2_font=&#8221;|||on|||||&#8221; header_2_font_size=&#8221;34px&#8221; custom_padding=&#8221;50px|20%||15%|false|false&#8221; custom_padding_tablet=&#8221;|0px|30px|0px|false|true&#8221; custom_padding_phone=&#8221;|0px|30px|0px|false|true&#8221; custom_padding_last_edited=&#8221;on|tablet&#8221; hover_enabled=&#8221;0&#8243; locked=&#8221;off&#8221; global_colors_info=&#8221;{}&#8221; sticky_enabled=&#8221;0&#8243;]<h2>El muelle<\/h2>\n<p>Cada d\u00eda, el muelle es un vibrante tapiz de vida y cultura locales. Al salir el sol, los caboverdianos se dan su ba\u00f1o matutino en las aguas cristalinas. Un lugar donde los ni\u00f1os locales se zambullen en el oc\u00e9ano desde el extremo del embarcadero, sus risas y chapoteos crean la sinfon\u00eda de la diversi\u00f3n.<\/p>\n<p>Hazte testigo de c\u00f3mo los pescadores locales traen a tierra la pesca diaria, con sus barcas repletas del marisco m\u00e1s fresco. Estos pescadores, h\u00e1biles y curtidos por el mar, suelen vender sus capturas nada m\u00e1s desembarcar, ofreciendo un aut\u00e9ntico sabor de la vida caboverdiana.<\/p>\n<p>La atmosfera se enriquece a\u00fan m\u00e1s con los numerosos puestos de recuerdos. Aqu\u00ed se puede encontrar una colorida variedad de pulseras y recuerdos de fabricaci\u00f3n local, cada uno de ellos un recuerdo \u00fanico de este hermoso lugar. Los puestos son una fiesta para los sentidos, con colores vibrantes y el atractivo parloteo de los vendedores.<\/p>\n<p>Disfruta de las impresionantes vistas del oc\u00e9ano y del animado muelle, haciendo de tu visita una parte memorable de sus vacaciones.<\/p>[\/et_pb_text][\/et_pb_column][\/et_pb_row][\/et_pb_section][et_pb_section fb_built=\"1\u2033 _builder_version=\"4.25.1\u2033 _module_preset=\"default\" global_colors_info=\"{}\"][et_pb_row column_structure=\"1_2,1_2\u2033 make_equal=\"on\" _builder_version=\"4.25.1\u2033 _module_preset=\"default\" global_colors_info=\"{}\"][et_pb_column type=\"1_2\u2033 _builder_version=\"4.25.1\u2033 _module_preset=\"default\" custom_css_main_element=\"margin: auto;\" pac_dcm_carousel_specific_module_num=\"0\u2033 global_colors_info=\"{}\"][et_pb_text _builder_version=\"4.25.1\u2033 _module_preset=\"default\" header_font_size=\"36px\" header_2_font=\"|||on|||||\" header_2_font_size=\"34px\" custom_padding=\"50px|20%||15%|false|false\" custom_padding_tablet=\"|0px|30px|0px|false|true\" custom_padding_phone=\"|0px|30px|0px|false|true\" custom_padding_last_edited=\"on|tablet\" locked=\"off\" global_colors_info=\"{}\"]<h2>Espargos<\/h2>\n<p>La ciudad de Espargos es la capital de la isla. Hermosas plazas abiertas, fachadas pintadas de vivos colores y calles peatonales invitan a pasear y explorar.<\/p>\n<p>Visitar la isla tropical de Sal es una de las vacaciones mejores de tu vida en un peque\u00f1o rinc\u00f3n del para\u00edso.<\/p>[\/et_pb_text][\/et_pb_column][et_pb_column type=\"1_2\u2033 _builder_version=\"4.25.1\u2033 _module_preset=\"default\" custom_css_main_element=\"margin: auto;\" pac_dcm_carousel_specific_module_num=\"0\u2033 global_colors_info=\"{}\"][et_pb_image src=\"https:\/\/lagoonresort.blimeystage.co.uk\/wp-content\/uploads\/salislandresortpage-largerportraitimage2-900x1100px.webp\" alt=\"Fiesta al atardecer\" title_text=\"salislandresortpage-largerportraitimage2-900x1100px\" _builder_version=\"4.25.1\u2033 _module_preset=\"default\" custom_margin_tablet=\"0px||||false|false\" custom_margin_phone=\"0px||||false|false\" custom_margin_last_edited=\"on|tablet\" global_colors_info=\"{}\"][\/et_pb_image][\/et_pb_column][\/et_pb_row][\/et_pb_section]","protected":false},"excerpt":{"rendered":"<p>La isla de Sal no se parece a ning\u00fan otro lugar del mundo Enclavada frente a la c\u00e1lida costa occidental africana se encuentra Sal, parte del grupo de islas de Cabo Verde. Este archipi\u00e9lago relativamente desconocido, de interminables arenas blancas y m\u00e1s de 350 d\u00edas de sol al a\u00f1o, es un crisol \u00fanico de culturas portuguesa, africana y [...].<\/p>","protected":false},"author":7,"featured_media":250747,"parent":0,"menu_order":0,"comment_status":"closed","ping_status":"closed","template":"","meta":{"_et_pb_use_builder":"on","_et_pb_old_content":"<!-- wp:divi\/placeholder \/-->","_et_gb_content_width":"","content-type":"","footnotes":""},"class_list":["post-250328","page","type-page","status-publish","has-post-thumbnail","hentry"],"yoast_head":"<!-- This site is optimized with the Yoast SEO plugin v23.6 - https:\/\/yoast.com\/wordpress\/plugins\/seo\/ -->\n<title>Sal Island for Cape Verde Holidays | The Lagoon<\/title>\n<meta name=\"description\" content=\"Explore Sal Island\u2019s golden beaches, crystal-clear waters &amp; vibrant culture. Experience unforgettable Cape Verde with The Lagoon Resorts. Click today for more info.\" \/>\n<meta name=\"robots\" content=\"noindex, follow, max-snippet:-1, max-image-preview:large, max-video-preview:-1\" \/>\n<meta property=\"og:locale\" content=\"es_ES\" \/>\n<meta property=\"og:type\" content=\"article\" \/>\n<meta property=\"og:title\" content=\"Sal Island for Cape Verde Holidays | The Lagoon\" \/>\n<meta property=\"og:description\" content=\"Explore Sal Island\u2019s golden beaches, crystal-clear waters &amp; vibrant culture. Experience unforgettable Cape Verde with The Lagoon Resorts. Click today for more info.\" \/>\n<meta property=\"og:url\" content=\"https:\/\/lagoonresort.blimeystage.co.uk\/es\/isla-de-sal\/\" \/>\n<meta property=\"og:site_name\" content=\"The Lagoon\" \/>\n<meta property=\"article:modified_time\" content=\"2025-02-17T11:20:58+00:00\" \/>\n<meta property=\"og:image\" content=\"https:\/\/lagoonresort.blimeystage.co.uk\/wp-content\/uploads\/salislandpageheader-bannerimage-1445x867px.webp\" \/>\n\t<meta property=\"og:image:width\" content=\"1445\" \/>\n\t<meta property=\"og:image:height\" content=\"867\" \/>\n\t<meta property=\"og:image:type\" content=\"image\/webp\" \/>\n<meta name=\"twitter:card\" content=\"summary_large_image\" \/>\n<meta name=\"twitter:label1\" content=\"Tiempo de lectura\" \/>\n\t<meta name=\"twitter:data1\" content=\"5 minutos\" \/>\n<script type=\"application\/ld+json\" class=\"yoast-schema-graph\">{\"@context\":\"https:\/\/schema.org\",\"@graph\":[{\"@type\":\"WebPage\",\"@id\":\"https:\/\/lagoonresort.blimeystage.co.uk\/sal-island\/\",\"url\":\"https:\/\/lagoonresort.blimeystage.co.uk\/sal-island\/\",\"name\":\"Sal Island for Cape Verde Holidays | The Lagoon\",\"isPartOf\":{\"@id\":\"https:\/\/lagoonresort.blimeystage.co.uk\/#website\"},\"primaryImageOfPage\":{\"@id\":\"https:\/\/lagoonresort.blimeystage.co.uk\/sal-island\/#primaryimage\"},\"image\":{\"@id\":\"https:\/\/lagoonresort.blimeystage.co.uk\/sal-island\/#primaryimage\"},\"thumbnailUrl\":\"https:\/\/lagoonresort.blimeystage.co.uk\/wp-content\/uploads\/salislandpageheader-bannerimage-1445x867px.webp\",\"datePublished\":\"2024-06-24T14:29:55+00:00\",\"dateModified\":\"2025-02-17T11:20:58+00:00\",\"description\":\"Explore Sal Island\u2019s golden beaches, crystal-clear waters & vibrant culture. Experience unforgettable Cape Verde with The Lagoon Resorts. Click today for more info.\",\"breadcrumb\":{\"@id\":\"https:\/\/lagoonresort.blimeystage.co.uk\/sal-island\/#breadcrumb\"},\"inLanguage\":\"es\",\"potentialAction\":[{\"@type\":\"ReadAction\",\"target\":[\"https:\/\/lagoonresort.blimeystage.co.uk\/sal-island\/\"]}]},{\"@type\":\"ImageObject\",\"inLanguage\":\"es\",\"@id\":\"https:\/\/lagoonresort.blimeystage.co.uk\/sal-island\/#primaryimage\",\"url\":\"https:\/\/lagoonresort.blimeystage.co.uk\/wp-content\/uploads\/salislandpageheader-bannerimage-1445x867px.webp\",\"contentUrl\":\"https:\/\/lagoonresort.blimeystage.co.uk\/wp-content\/uploads\/salislandpageheader-bannerimage-1445x867px.webp\",\"width\":1445,\"height\":867,\"caption\":\"Boats on the beach in Cape Verde\"},{\"@type\":\"BreadcrumbList\",\"@id\":\"https:\/\/lagoonresort.blimeystage.co.uk\/sal-island\/#breadcrumb\",\"itemListElement\":[{\"@type\":\"ListItem\",\"position\":1,\"name\":\"Home\",\"item\":\"https:\/\/lagoonresort.blimeystage.co.uk\/\"},{\"@type\":\"ListItem\",\"position\":2,\"name\":\"Sal Island\"}]},{\"@type\":\"WebSite\",\"@id\":\"https:\/\/lagoonresort.blimeystage.co.uk\/#website\",\"url\":\"https:\/\/lagoonresort.blimeystage.co.uk\/\",\"name\":\"The Lagoon\",\"description\":\"Luxury Beach Front Hotels &amp; Spas\",\"publisher\":{\"@id\":\"https:\/\/lagoonresort.blimeystage.co.uk\/#organization\"},\"potentialAction\":[{\"@type\":\"SearchAction\",\"target\":{\"@type\":\"EntryPoint\",\"urlTemplate\":\"https:\/\/lagoonresort.blimeystage.co.uk\/?s={search_term_string}\"},\"query-input\":{\"@type\":\"PropertyValueSpecification\",\"valueRequired\":true,\"valueName\":\"search_term_string\"}}],\"inLanguage\":\"es\"},{\"@type\":\"Organization\",\"@id\":\"https:\/\/lagoonresort.blimeystage.co.uk\/#organization\",\"name\":\"The Lagoon\",\"url\":\"https:\/\/lagoonresort.blimeystage.co.uk\/\",\"logo\":{\"@type\":\"ImageObject\",\"inLanguage\":\"es\",\"@id\":\"https:\/\/lagoonresort.blimeystage.co.uk\/#\/schema\/logo\/image\/\",\"url\":\"https:\/\/lagoonresort.blimeystage.co.uk\/wp-content\/uploads\/dunasresortpageheader-bannerimage-1445x867px.webp\",\"contentUrl\":\"https:\/\/lagoonresort.blimeystage.co.uk\/wp-content\/uploads\/dunasresortpageheader-bannerimage-1445x867px.webp\",\"width\":1445,\"height\":867,\"caption\":\"The Lagoon\"},\"image\":{\"@id\":\"https:\/\/lagoonresort.blimeystage.co.uk\/#\/schema\/logo\/image\/\"}}]}<\/script>\n<!-- \/ Yoast SEO plugin. -->","yoast_head_json":{"title":"Sal Island for Cape Verde Holidays | The Lagoon","description":"Explore Sal Island\u2019s golden beaches, crystal-clear waters & vibrant culture. Experience unforgettable Cape Verde with The Lagoon Resorts. Click today for more info.","robots":{"index":"noindex","follow":"follow","max-snippet":"max-snippet:-1","max-image-preview":"max-image-preview:large","max-video-preview":"max-video-preview:-1"},"og_locale":"es_ES","og_type":"article","og_title":"Sal Island for Cape Verde Holidays | The Lagoon","og_description":"Explore Sal Island\u2019s golden beaches, crystal-clear waters & vibrant culture. Experience unforgettable Cape Verde with The Lagoon Resorts. Click today for more info.","og_url":"https:\/\/lagoonresort.blimeystage.co.uk\/es\/isla-de-sal\/","og_site_name":"The Lagoon","article_modified_time":"2025-02-17T11:20:58+00:00","og_image":[{"width":1445,"height":867,"url":"https:\/\/lagoonresort.blimeystage.co.uk\/wp-content\/uploads\/salislandpageheader-bannerimage-1445x867px.webp","type":"image\/webp"}],"twitter_card":"summary_large_image","twitter_misc":{"Tiempo de lectura":"5 minutos"},"schema":{"@context":"https:\/\/schema.org","@graph":[{"@type":"WebPage","@id":"https:\/\/lagoonresort.blimeystage.co.uk\/sal-island\/","url":"https:\/\/lagoonresort.blimeystage.co.uk\/sal-island\/","name":"Sal Island for Cape Verde Holidays | The Lagoon","isPartOf":{"@id":"https:\/\/lagoonresort.blimeystage.co.uk\/#website"},"primaryImageOfPage":{"@id":"https:\/\/lagoonresort.blimeystage.co.uk\/sal-island\/#primaryimage"},"image":{"@id":"https:\/\/lagoonresort.blimeystage.co.uk\/sal-island\/#primaryimage"},"thumbnailUrl":"https:\/\/lagoonresort.blimeystage.co.uk\/wp-content\/uploads\/salislandpageheader-bannerimage-1445x867px.webp","datePublished":"2024-06-24T14:29:55+00:00","dateModified":"2025-02-17T11:20:58+00:00","description":"Explore Sal Island\u2019s golden beaches, crystal-clear waters & vibrant culture. Experience unforgettable Cape Verde with The Lagoon Resorts. Click today for more info.","breadcrumb":{"@id":"https:\/\/lagoonresort.blimeystage.co.uk\/sal-island\/#breadcrumb"},"inLanguage":"es","potentialAction":[{"@type":"ReadAction","target":["https:\/\/lagoonresort.blimeystage.co.uk\/sal-island\/"]}]},{"@type":"ImageObject","inLanguage":"es","@id":"https:\/\/lagoonresort.blimeystage.co.uk\/sal-island\/#primaryimage","url":"https:\/\/lagoonresort.blimeystage.co.uk\/wp-content\/uploads\/salislandpageheader-bannerimage-1445x867px.webp","contentUrl":"https:\/\/lagoonresort.blimeystage.co.uk\/wp-content\/uploads\/salislandpageheader-bannerimage-1445x867px.webp","width":1445,"height":867,"caption":"Boats on the beach in Cape Verde"},{"@type":"BreadcrumbList","@id":"https:\/\/lagoonresort.blimeystage.co.uk\/sal-island\/#breadcrumb","itemListElement":[{"@type":"ListItem","position":1,"name":"Home","item":"https:\/\/lagoonresort.blimeystage.co.uk\/"},{"@type":"ListItem","position":2,"name":"Sal Island"}]},{"@type":"WebSite","@id":"https:\/\/lagoonresort.blimeystage.co.uk\/#website","url":"https:\/\/lagoonresort.blimeystage.co.uk\/","name":"The Lagoon","description":"Luxury Beach Front Hotels &amp; Spas","publisher":{"@id":"https:\/\/lagoonresort.blimeystage.co.uk\/#organization"},"potentialAction":[{"@type":"SearchAction","target":{"@type":"EntryPoint","urlTemplate":"https:\/\/lagoonresort.blimeystage.co.uk\/?s={search_term_string}"},"query-input":{"@type":"PropertyValueSpecification","valueRequired":true,"valueName":"search_term_string"}}],"inLanguage":"es"},{"@type":"Organization","@id":"https:\/\/lagoonresort.blimeystage.co.uk\/#organization","name":"The Lagoon","url":"https:\/\/lagoonresort.blimeystage.co.uk\/","logo":{"@type":"ImageObject","inLanguage":"es","@id":"https:\/\/lagoonresort.blimeystage.co.uk\/#\/schema\/logo\/image\/","url":"https:\/\/lagoonresort.blimeystage.co.uk\/wp-content\/uploads\/dunasresortpageheader-bannerimage-1445x867px.webp","contentUrl":"https:\/\/lagoonresort.blimeystage.co.uk\/wp-content\/uploads\/dunasresortpageheader-bannerimage-1445x867px.webp","width":1445,"height":867,"caption":"The Lagoon"},"image":{"@id":"https:\/\/lagoonresort.blimeystage.co.uk\/#\/schema\/logo\/image\/"}}]}},"_links":{"self":[{"href":"https:\/\/lagoonresort.blimeystage.co.uk\/es\/wp-json\/wp\/v2\/pages\/250328"}],"collection":[{"href":"https:\/\/lagoonresort.blimeystage.co.uk\/es\/wp-json\/wp\/v2\/pages"}],"about":[{"href":"https:\/\/lagoonresort.blimeystage.co.uk\/es\/wp-json\/wp\/v2\/types\/page"}],"author":[{"embeddable":true,"href":"https:\/\/lagoonresort.blimeystage.co.uk\/es\/wp-json\/wp\/v2\/users\/7"}],"replies":[{"embeddable":true,"href":"https:\/\/lagoonresort.blimeystage.co.uk\/es\/wp-json\/wp\/v2\/comments?post=250328"}],"version-history":[{"count":6,"href":"https:\/\/lagoonresort.blimeystage.co.uk\/es\/wp-json\/wp\/v2\/pages\/250328\/revisions"}],"predecessor-version":[{"id":252472,"href":"https:\/\/lagoonresort.blimeystage.co.uk\/es\/wp-json\/wp\/v2\/pages\/250328\/revisions\/252472"}],"wp:featuredmedia":[{"embeddable":true,"href":"https:\/\/lagoonresort.blimeystage.co.uk\/es\/wp-json\/wp\/v2\/media\/250747"}],"wp:attachment":[{"href":"https:\/\/lagoonresort.blimeystage.co.uk\/es\/wp-json\/wp\/v2\/media?parent=250328"}],"curies":[{"name":"wp","href":"https:\/\/api.w.org\/{rel}","templated":true}]}}