{"id":250328,"date":"2024-06-24T14:29:55","date_gmt":"2024-06-24T14:29:55","guid":{"rendered":"https:\/\/lagoonresort.blimeystage.co.uk\/?page_id=250328"},"modified":"2025-02-17T11:20:58","modified_gmt":"2025-02-17T11:20:58","slug":"sal-island","status":"publish","type":"page","link":"https:\/\/lagoonresort.blimeystage.co.uk\/fr\/ile-de-sal\/","title":{"rendered":"\u00cele de Sal"},"content":{"rendered":"[et_pb_section fb_built=&#8221;1&#8243; fullwidth=&#8221;on&#8221; _builder_version=&#8221;4.25.1&#8243; _module_preset=&#8221;default&#8221; custom_padding=&#8221;||||false|false&#8221; global_colors_info=&#8221;{}&#8221;][et_pb_fullwidth_header title=&#8221;SAL Island&#8221; button_one_url=&#8221;\/&#8221; _builder_version=&#8221;4.25.1&#8243; _module_preset=&#8221;default&#8221; title_font=&#8221;|&#8211;et_global_heading_font_weight||on|||||&#8221; title_text_align=&#8221;center&#8221; title_font_size=&#8221;60px&#8221; content_font=&#8221;|&#8211;et_global_body_font_weight|||||||&#8221; content_text_align=&#8221;center&#8221; subhead_text_align=&#8221;center&#8221; subhead_font_size=&#8221;26px&#8221; background_image=&#8221;https:\/\/lagoonresort.blimeystage.co.uk\/wp-content\/uploads\/salislandpageheader-bannerimage-1445x867px.webp&#8221; background_enable_video_mp4=&#8221;off&#8221; custom_padding=&#8221;||45vw||false|false&#8221; content_text_shadow_style=&#8221;preset1&#8243; text_shadow_style=&#8221;preset1&#8243; global_colors_info=&#8221;{}&#8221;][\/et_pb_fullwidth_header][\/et_pb_section][et_pb_section fb_built=&#8221;1&#8243; custom_padding_last_edited=&#8221;on|phone&#8221; _builder_version=&#8221;4.25.1&#8243; _module_preset=&#8221;default&#8221; custom_padding_tablet=&#8221;&#8221; custom_padding_phone=&#8221;10px||10px||true|false&#8221; locked=&#8221;off&#8221; global_colors_info=&#8221;{}&#8221;][et_pb_row _builder_version=&#8221;4.25.1&#8243; _module_preset=&#8221;default&#8221; width=&#8221;60%&#8221; width_tablet=&#8221;65%&#8221; width_phone=&#8221;90%&#8221; width_last_edited=&#8221;on|phone&#8221; max_width=&#8221;60%&#8221; max_width_tablet=&#8221;65%&#8221; max_width_phone=&#8221;90%&#8221; max_width_last_edited=&#8221;on|phone&#8221; module_alignment=&#8221;center&#8221; global_colors_info=&#8221;{}&#8221;][et_pb_column type=&#8221;4_4&#8243; _builder_version=&#8221;4.25.1&#8243; _module_preset=&#8221;default&#8221; pac_dcm_carousel_specific_module_num=&#8221;0&#8243; global_colors_info=&#8221;{}&#8221;][et_pb_text _builder_version=&#8221;4.25.1&#8243; _module_preset=&#8221;default&#8221; header_font=&#8221;|||on|||||&#8221; header_font_size=&#8221;50px&#8221; header_2_font=&#8221;|||on|||||&#8221; header_2_font_size=&#8221;34px&#8221; text_orientation=&#8221;center&#8221; header_2_font_size_tablet=&#8221;&#8221; header_2_font_size_phone=&#8221;&#8221; header_2_font_size_last_edited=&#8221;on|desktop&#8221; global_colors_info=&#8221;{}&#8221;]<h2>L'\u00eele de Sal est unique au monde<\/h2>\n<p>Nich\u00e9e au large de la c\u00f4te ouest de l'Afrique, Sal fait partie du groupe d'\u00eeles du Cap-Vert. Cet archipel relativement peu connu, avec ses sables blancs \u00e9tincelants \u00e0 perte de vue et plus de 350 jours de soleil par an, est un creuset unique de cultures portugaise, africaine et br\u00e9silienne, qui se refl\u00e8te dans la musique vibrante, la mode et la d\u00e9licieuse cuisine de l'\u00eele.<\/p>\n<p>Les amateurs de plong\u00e9e avec tuba et de plong\u00e9e sous-marine d\u00e9couvriront une abondance de poissons tropicaux, de tortues Caretta et de dauphins. Les enfants (et les adultes !) s'\u00e9merveilleront devant le mirage de Terra Boa, une illusion d'optique qui fait surgir de nulle part un lac \u00e0 l'aspect paisible. Visitez Pedra de Lume et son eau sal\u00e9e th\u00e9rapeutique dans le crat\u00e8re d'un volcan \u00e9teint. O\u00f9 que vous alliez, vous serez accueilli par les gens les plus accueillants, vous go\u00fbterez \u00e0 de d\u00e9licieux plats frais et vous serez entour\u00e9 de superbes plages de sable. Il n'est pas \u00e9tonnant que la devise de l'\u00eele soit \"Pas de stress\".<\/p>[\/et_pb_text][\/et_pb_column][\/et_pb_row][\/et_pb_section][et_pb_section fb_built=&#8221;1&#8243; fullwidth=&#8221;on&#8221; _builder_version=&#8221;4.25.1&#8243; _module_preset=&#8221;default&#8221; global_colors_info=&#8221;{}&#8221;][et_pb_fullwidth_code _builder_version=&#8221;4.25.1&#8243; _module_preset=&#8221;default&#8221; global_colors_info=&#8221;{}&#8221;]<div id=\"metaslider-id-250410\" style=\"width: 100%; margin: 0 auto;\" class=\"ml-slider-3-92-0 metaslider metaslider-flex metaslider-250410 ml-slider ms-theme-bubble nav-hidden\" role=\"region\" aria-roledescription=\"Slideshow\" aria-label=\"Diapositives de l&#039;\u00eele SAL\">\n    <div id=\"metaslider_container_250410\">\n        <div id=\"metaslider_250410\">\n            <ul class='slides'>\n                <li style=\"display: block; width: 100%;\" class=\"slide-250411 ms-image\" aria-roledescription=\"slide\" aria-label=\"diapositive-250411\"><img loading=\"lazy\" decoding=\"async\" src=\"https:\/\/lagoonresort.blimeystage.co.uk\/wp-content\/uploads\/salislandresortpage-galleryslide1-1400x600px.webp\" height=\"600\" width=\"1400\" alt=\"Une personne faisant du surf au Cap-Vert\" class=\"slider-250410 slide-250411\" title=\"salislandresortpage-galleryslide1-1400x600px\" \/><\/li>\n                <li style=\"display: none; width: 100%;\" class=\"slide-250412 ms-image\" aria-roledescription=\"slide\" aria-label=\"diapositive-250412\"><img loading=\"lazy\" decoding=\"async\" src=\"https:\/\/lagoonresort.blimeystage.co.uk\/wp-content\/uploads\/salislandresortpage-galleryslide2-1400x600px.webp\" height=\"600\" width=\"1400\" alt=\"Personnes faisant un feu de joie sur la plage\" class=\"slider-250410 slide-250412\" title=\"salislandresortpage-galleryslide2-1400x600px\" \/><\/li>\n                <li style=\"display: none; width: 100%;\" class=\"slide-250413 ms-image\" aria-roledescription=\"slide\" aria-label=\"diapositive-250413\"><img loading=\"lazy\" decoding=\"async\" src=\"https:\/\/lagoonresort.blimeystage.co.uk\/wp-content\/uploads\/salislandresortpage-galleryslide3-1400x600px.webp\" height=\"600\" width=\"1400\" alt=\"Personnes ramenant des poissons fra\u00eechement p\u00each\u00e9s sur le rivage\" class=\"slider-250410 slide-250413\" title=\"salislandresortpage-galleryslide3-1400x600px\" \/><\/li>\n                <li style=\"display: none; width: 100%;\" class=\"slide-250867 ms-image\" aria-roledescription=\"slide\" aria-label=\"diapositive-250867\"><img loading=\"lazy\" decoding=\"async\" src=\"https:\/\/lagoonresort.blimeystage.co.uk\/wp-content\/uploads\/salislandresortpage-galleryslide4-1400x600px.webp\" height=\"600\" width=\"1400\" alt=\"Un couple sur la plage au Cap-Vert\" class=\"slider-250410 slide-250867\" title=\"salislandresortpage-galleryslide4-1400x600px\" \/><\/li>\n                <li style=\"display: none; width: 100%;\" class=\"slide-250870 ms-image\" aria-roledescription=\"slide\" aria-label=\"diapositive-250870\"><img loading=\"lazy\" decoding=\"async\" src=\"https:\/\/lagoonresort.blimeystage.co.uk\/wp-content\/uploads\/salislandresortpage-galleryslide5-1400x600px.webp\" height=\"600\" width=\"1400\" alt=\"Mer bleue au Cap-Vert\" class=\"slider-250410 slide-250870\" title=\"salislandresortpage-galleryslide5-1400x600px\" \/><\/li>\n                <li style=\"display: none; width: 100%;\" class=\"slide-250872 ms-image\" aria-roledescription=\"slide\" aria-label=\"diapositive-250872\"><img loading=\"lazy\" decoding=\"async\" src=\"https:\/\/lagoonresort.blimeystage.co.uk\/wp-content\/uploads\/salislandresortpage-galleryslide6-1400x600px.webp\" height=\"600\" width=\"1400\" alt=\"Personnes plongeant dans la mer \u00e0 l&#039;\u00eele de Sal, Cap-Vert\" class=\"slider-250410 slide-250872\" title=\"salislandresortpage-galleryslide6-1400x600px\" \/><\/li>\n                <li style=\"display: none; width: 100%;\" class=\"slide-250873 ms-image\" aria-roledescription=\"slide\" aria-label=\"diapositive-250873\"><img loading=\"lazy\" decoding=\"async\" src=\"https:\/\/lagoonresort.blimeystage.co.uk\/wp-content\/uploads\/salislandresortpage-galleryslide7-1400x600px.webp\" height=\"600\" width=\"1400\" alt=\"Une personne photographiant l&#039;\u00eele de Sal au Cap-Vert\" class=\"slider-250410 slide-250873\" title=\"salislandresortpage-galleryslide7-1400x600px\" \/><\/li>\n            <\/ul>\n        <\/div>\n        \n    <\/div>\n<\/div>[\/et_pb_fullwidth_code][\/et_pb_section][et_pb_section fb_built=&#8221;1&#8243; _builder_version=&#8221;4.25.1&#8243; _module_preset=&#8221;default&#8221; global_colors_info=&#8221;{}&#8221;][et_pb_row column_structure=&#8221;1_2,1_2&#8243; make_equal=&#8221;on&#8221; _builder_version=&#8221;4.25.1&#8243; _module_preset=&#8221;default&#8221; global_colors_info=&#8221;{}&#8221;][et_pb_column type=&#8221;1_2&#8243; _builder_version=&#8221;4.25.1&#8243; _module_preset=&#8221;default&#8221; custom_css_main_element=&#8221;margin: auto;&#8221; pac_dcm_carousel_specific_module_num=&#8221;0&#8243; global_colors_info=&#8221;{}&#8221;][et_pb_text _builder_version=&#8221;4.25.1&#8243; _module_preset=&#8221;default&#8221; header_font_size=&#8221;36px&#8221; header_2_font=&#8221;|||on|||||&#8221; header_2_font_size=&#8221;34px&#8221; custom_padding=&#8221;50px|20%||15%|false|false&#8221; custom_padding_tablet=&#8221;|0px|30px|0px|false|true&#8221; custom_padding_phone=&#8221;|0px|30px|0px|false|true&#8221; custom_padding_last_edited=&#8221;on|tablet&#8221; locked=&#8221;off&#8221; global_colors_info=&#8221;{}&#8221;]<h2>Santa Maria<\/h2>\n<p>\u00c0 la pointe sud de l'\u00eele de Sal, vous trouverez la charmante ville de Santa Maria. R\u00e9put\u00e9e pour ses longues et larges plages, la ville est parsem\u00e9e de b\u00e2timents aux couleurs pastel. La maison de pesage du vieux port rappelle l'histoire du commerce du sel de Sal, tandis que les eaux cristallines abritent des raies et des tortues de mer. \u00c0 proximit\u00e9, la plage expos\u00e9e de Kite Beach est une destination populaire pour le kitesurf.<\/p>[\/et_pb_text][\/et_pb_column][et_pb_column type=&#8221;1_2&#8243; _builder_version=&#8221;4.25.1&#8243; _module_preset=&#8221;default&#8221; custom_css_main_element=&#8221;margin: auto;&#8221; pac_dcm_carousel_specific_module_num=&#8221;0&#8243; global_colors_info=&#8221;{}&#8221;][et_pb_image src=&#8221;https:\/\/lagoonresort.blimeystage.co.uk\/wp-content\/uploads\/salislandresortpage-largerportraitimage1-900x1100px.webp&#8221; alt=&#8221;Sunset Party&#8221; title_text=&#8221;salislandresortpage-largerportraitimage1-900x1100px&#8221; _builder_version=&#8221;4.25.1&#8243; _module_preset=&#8221;default&#8221; custom_margin_tablet=&#8221;0px||||false|false&#8221; custom_margin_phone=&#8221;0px||||false|false&#8221; custom_margin_last_edited=&#8221;on|tablet&#8221; global_colors_info=&#8221;{}&#8221;][\/et_pb_image][\/et_pb_column][\/et_pb_row][\/et_pb_section][et_pb_section fb_built=&#8221;1&#8243; _builder_version=&#8221;4.25.1&#8243; _module_preset=&#8221;default&#8221; background_color=&#8221;gcid-0bbebaa2-3955-4e24-b448-5e065689a284&#8243; global_colors_info=&#8221;{%22gcid-0bbebaa2-3955-4e24-b448-5e065689a284%22:%91%22background_color%22%93}&#8221;][et_pb_row column_structure=&#8221;1_2,1_2&#8243; make_equal=&#8221;on&#8221; _builder_version=&#8221;4.25.1&#8243; _module_preset=&#8221;default&#8221; global_colors_info=&#8221;{}&#8221;][et_pb_column type=&#8221;1_2&#8243; _builder_version=&#8221;4.25.1&#8243; _module_preset=&#8221;default&#8221; pac_dcm_carousel_specific_module_num=&#8221;0&#8243; global_colors_info=&#8221;{}&#8221;][et_pb_image src=&#8221;https:\/\/lagoonresort.blimeystage.co.uk\/wp-content\/uploads\/salislandresortpage-mediumlandscape1-900x600px.webp&#8221; alt=&#8221;dunas amphitheater&#8221; title_text=&#8221;salislandresortpage-mediumlandscape1-900x600px&#8221; _builder_version=&#8221;4.25.1&#8243; _module_preset=&#8221;default&#8221; global_colors_info=&#8221;{}&#8221;][\/et_pb_image][\/et_pb_column][et_pb_column type=&#8221;1_2&#8243; _builder_version=&#8221;4.25.1&#8243; _module_preset=&#8221;default&#8221; custom_css_main_element=&#8221;margin: auto;&#8221; pac_dcm_carousel_specific_module_num=&#8221;0&#8243; global_colors_info=&#8221;{}&#8221;][et_pb_text _builder_version=&#8221;4.25.1&#8243; _module_preset=&#8221;default&#8221; header_font_size=&#8221;36px&#8221; header_2_font=&#8221;|||on|||||&#8221; header_2_font_size=&#8221;34px&#8221; custom_padding=&#8221;50px|20%||15%|false|false&#8221; custom_padding_tablet=&#8221;|0px|30px|0px|false|true&#8221; custom_padding_phone=&#8221;|0px|30px|0px|false|true&#8221; custom_padding_last_edited=&#8221;on|tablet&#8221; hover_enabled=&#8221;0&#8243; locked=&#8221;off&#8221; global_colors_info=&#8221;{}&#8221; sticky_enabled=&#8221;0&#8243;]<h2>La jet\u00e9e<\/h2>\n<p>Chaque jour \u00e0 l'embarcad\u00e8re est une tapisserie vibrante de la vie et de la culture locales. Au lever du soleil, les Cap-Verdiens se baignent dans les eaux cristallines. Les enfants plongent dans l'oc\u00e9an depuis l'extr\u00e9mit\u00e9 de la jet\u00e9e, leurs rires et leurs \u00e9claboussures cr\u00e9ant une symphonie de plaisir.<\/p>\n<p>Les p\u00eacheurs locaux ram\u00e8nent chaque jour leurs prises \u00e0 terre, leurs bateaux \u00e9tant remplis des fruits de mer les plus frais. Ces p\u00eacheurs, habiles et aguerris par la mer, vendent souvent leurs prises directement depuis leur bateau, offrant ainsi un go\u00fbt authentique de la vie capverdienne.<\/p>\n<p>L'atmosph\u00e8re anim\u00e9e est enrichie par de nombreux stands de souvenirs. Vous pouvez y d\u00e9couvrir une gamme color\u00e9e de bracelets et de souvenirs fabriqu\u00e9s localement, chaque article \u00e9tant un souvenir unique de ce lieu magnifique. Les \u00e9tals sont une f\u00eate pour les sens, avec des couleurs vibrantes et le bavardage engageant des vendeurs.<\/p>\n<p>Profitez de la vue imprenable sur l'oc\u00e9an et de l'animation de la jet\u00e9e pour faire de votre visite un moment inoubliable de vos vacances.<\/p>[\/et_pb_text][\/et_pb_column][\/et_pb_row][\/et_pb_section][et_pb_section fb_built=&#8221;1&#8243; _builder_version=&#8221;4.25.1&#8243; _module_preset=&#8221;default&#8221; global_colors_info=&#8221;{}&#8221;][et_pb_row column_structure=&#8221;1_2,1_2&#8243; make_equal=&#8221;on&#8221; _builder_version=&#8221;4.25.1&#8243; _module_preset=&#8221;default&#8221; global_colors_info=&#8221;{}&#8221;][et_pb_column type=&#8221;1_2&#8243; _builder_version=&#8221;4.25.1&#8243; _module_preset=&#8221;default&#8221; custom_css_main_element=&#8221;margin: auto;&#8221; pac_dcm_carousel_specific_module_num=&#8221;0&#8243; global_colors_info=&#8221;{}&#8221;][et_pb_text _builder_version=&#8221;4.25.1&#8243; _module_preset=&#8221;default&#8221; header_font_size=&#8221;36px&#8221; header_2_font=&#8221;|||on|||||&#8221; header_2_font_size=&#8221;34px&#8221; custom_padding=&#8221;50px|20%||15%|false|false&#8221; custom_padding_tablet=&#8221;|0px|30px|0px|false|true&#8221; custom_padding_phone=&#8221;|0px|30px|0px|false|true&#8221; custom_padding_last_edited=&#8221;on|tablet&#8221; locked=&#8221;off&#8221; global_colors_info=&#8221;{}&#8221;]<h2>Espargos<\/h2>\n<p>La ville d'Espargos (asperges en portugais) est la capitale de l'\u00eele. De belles places ouvertes, des fa\u00e7ades peintes de couleurs vives et des rues pi\u00e9tonnes invitent \u00e0 la fl\u00e2nerie et \u00e0 l'exploration.<\/p>\n<p>Une visite sur l'\u00eele tropicale de Sal, c'est tout simplement les vacances d'une vie dans un petit coin de paradis.<\/p>[\/et_pb_text][\/et_pb_column][et_pb_column type=&#8221;1_2&#8243; _builder_version=&#8221;4.25.1&#8243; _module_preset=&#8221;default&#8221; custom_css_main_element=&#8221;margin: auto;&#8221; pac_dcm_carousel_specific_module_num=&#8221;0&#8243; global_colors_info=&#8221;{}&#8221;][et_pb_image src=&#8221;https:\/\/lagoonresort.blimeystage.co.uk\/wp-content\/uploads\/salislandresortpage-largerportraitimage2-900x1100px.webp&#8221; alt=&#8221;Sunset Party&#8221; title_text=&#8221;salislandresortpage-largerportraitimage2-900x1100px&#8221; _builder_version=&#8221;4.25.1&#8243; _module_preset=&#8221;default&#8221; custom_margin_tablet=&#8221;0px||||false|false&#8221; custom_margin_phone=&#8221;0px||||false|false&#8221; custom_margin_last_edited=&#8221;on|tablet&#8221; global_colors_info=&#8221;{}&#8221;][\/et_pb_image][\/et_pb_column][\/et_pb_row][\/et_pb_section]","protected":false},"excerpt":{"rendered":"<p>The island of Sal is like nowhere else in the world Nestled off the warm African west coast lies Sal, part of the Cape Verde group of islands. This relatively unknown archipelago, with its endless sparkling white sands and over 350 days of sunshine a year, is a unique melting pot of Portuguese, African and [&hellip;]<\/p>","protected":false},"author":7,"featured_media":250747,"parent":0,"menu_order":0,"comment_status":"closed","ping_status":"closed","template":"","meta":{"_et_pb_use_builder":"on","_et_pb_old_content":"<!-- wp:divi\/placeholder \/-->","_et_gb_content_width":"","content-type":"","footnotes":""},"class_list":["post-250328","page","type-page","status-publish","has-post-thumbnail","hentry"],"yoast_head":"<!-- This site is optimized with the Yoast SEO plugin v23.6 - https:\/\/yoast.com\/wordpress\/plugins\/seo\/ -->\n<title>Sal Island for Cape Verde Holidays | The Lagoon<\/title>\n<meta name=\"description\" content=\"Explore Sal Island\u2019s golden beaches, crystal-clear waters &amp; vibrant culture. Experience unforgettable Cape Verde with The Lagoon Resorts. Click today for more info.\" \/>\n<meta name=\"robots\" content=\"noindex, follow, max-snippet:-1, max-image-preview:large, max-video-preview:-1\" \/>\n<meta property=\"og:locale\" content=\"fr_FR\" \/>\n<meta property=\"og:type\" content=\"article\" \/>\n<meta property=\"og:title\" content=\"Sal Island for Cape Verde Holidays | The Lagoon\" \/>\n<meta property=\"og:description\" content=\"Explore Sal Island\u2019s golden beaches, crystal-clear waters &amp; vibrant culture. Experience unforgettable Cape Verde with The Lagoon Resorts. Click today for more info.\" \/>\n<meta property=\"og:url\" content=\"https:\/\/lagoonresort.blimeystage.co.uk\/fr\/ile-de-sal\/\" \/>\n<meta property=\"og:site_name\" content=\"The Lagoon\" \/>\n<meta property=\"article:modified_time\" content=\"2025-02-17T11:20:58+00:00\" \/>\n<meta property=\"og:image\" content=\"https:\/\/lagoonresort.blimeystage.co.uk\/wp-content\/uploads\/salislandpageheader-bannerimage-1445x867px.webp\" \/>\n\t<meta property=\"og:image:width\" content=\"1445\" \/>\n\t<meta property=\"og:image:height\" content=\"867\" \/>\n\t<meta property=\"og:image:type\" content=\"image\/webp\" \/>\n<meta name=\"twitter:card\" content=\"summary_large_image\" \/>\n<meta name=\"twitter:label1\" content=\"Dur\u00e9e de lecture estim\u00e9e\" \/>\n\t<meta name=\"twitter:data1\" content=\"5 minutes\" \/>\n<script type=\"application\/ld+json\" class=\"yoast-schema-graph\">{\"@context\":\"https:\/\/schema.org\",\"@graph\":[{\"@type\":\"WebPage\",\"@id\":\"https:\/\/lagoonresort.blimeystage.co.uk\/sal-island\/\",\"url\":\"https:\/\/lagoonresort.blimeystage.co.uk\/sal-island\/\",\"name\":\"Sal Island for Cape Verde Holidays | The Lagoon\",\"isPartOf\":{\"@id\":\"https:\/\/lagoonresort.blimeystage.co.uk\/#website\"},\"primaryImageOfPage\":{\"@id\":\"https:\/\/lagoonresort.blimeystage.co.uk\/sal-island\/#primaryimage\"},\"image\":{\"@id\":\"https:\/\/lagoonresort.blimeystage.co.uk\/sal-island\/#primaryimage\"},\"thumbnailUrl\":\"https:\/\/lagoonresort.blimeystage.co.uk\/wp-content\/uploads\/salislandpageheader-bannerimage-1445x867px.webp\",\"datePublished\":\"2024-06-24T14:29:55+00:00\",\"dateModified\":\"2025-02-17T11:20:58+00:00\",\"description\":\"Explore Sal Island\u2019s golden beaches, crystal-clear waters & vibrant culture. Experience unforgettable Cape Verde with The Lagoon Resorts. Click today for more info.\",\"breadcrumb\":{\"@id\":\"https:\/\/lagoonresort.blimeystage.co.uk\/sal-island\/#breadcrumb\"},\"inLanguage\":\"fr-FR\",\"potentialAction\":[{\"@type\":\"ReadAction\",\"target\":[\"https:\/\/lagoonresort.blimeystage.co.uk\/sal-island\/\"]}]},{\"@type\":\"ImageObject\",\"inLanguage\":\"fr-FR\",\"@id\":\"https:\/\/lagoonresort.blimeystage.co.uk\/sal-island\/#primaryimage\",\"url\":\"https:\/\/lagoonresort.blimeystage.co.uk\/wp-content\/uploads\/salislandpageheader-bannerimage-1445x867px.webp\",\"contentUrl\":\"https:\/\/lagoonresort.blimeystage.co.uk\/wp-content\/uploads\/salislandpageheader-bannerimage-1445x867px.webp\",\"width\":1445,\"height\":867,\"caption\":\"Boats on the beach in Cape Verde\"},{\"@type\":\"BreadcrumbList\",\"@id\":\"https:\/\/lagoonresort.blimeystage.co.uk\/sal-island\/#breadcrumb\",\"itemListElement\":[{\"@type\":\"ListItem\",\"position\":1,\"name\":\"Home\",\"item\":\"https:\/\/lagoonresort.blimeystage.co.uk\/\"},{\"@type\":\"ListItem\",\"position\":2,\"name\":\"Sal Island\"}]},{\"@type\":\"WebSite\",\"@id\":\"https:\/\/lagoonresort.blimeystage.co.uk\/#website\",\"url\":\"https:\/\/lagoonresort.blimeystage.co.uk\/\",\"name\":\"The Lagoon\",\"description\":\"Luxury Beach Front Hotels &amp; Spas\",\"publisher\":{\"@id\":\"https:\/\/lagoonresort.blimeystage.co.uk\/#organization\"},\"potentialAction\":[{\"@type\":\"SearchAction\",\"target\":{\"@type\":\"EntryPoint\",\"urlTemplate\":\"https:\/\/lagoonresort.blimeystage.co.uk\/?s={search_term_string}\"},\"query-input\":{\"@type\":\"PropertyValueSpecification\",\"valueRequired\":true,\"valueName\":\"search_term_string\"}}],\"inLanguage\":\"fr-FR\"},{\"@type\":\"Organization\",\"@id\":\"https:\/\/lagoonresort.blimeystage.co.uk\/#organization\",\"name\":\"The Lagoon\",\"url\":\"https:\/\/lagoonresort.blimeystage.co.uk\/\",\"logo\":{\"@type\":\"ImageObject\",\"inLanguage\":\"fr-FR\",\"@id\":\"https:\/\/lagoonresort.blimeystage.co.uk\/#\/schema\/logo\/image\/\",\"url\":\"https:\/\/lagoonresort.blimeystage.co.uk\/wp-content\/uploads\/dunasresortpageheader-bannerimage-1445x867px.webp\",\"contentUrl\":\"https:\/\/lagoonresort.blimeystage.co.uk\/wp-content\/uploads\/dunasresortpageheader-bannerimage-1445x867px.webp\",\"width\":1445,\"height\":867,\"caption\":\"The Lagoon\"},\"image\":{\"@id\":\"https:\/\/lagoonresort.blimeystage.co.uk\/#\/schema\/logo\/image\/\"}}]}<\/script>\n<!-- \/ Yoast SEO plugin. -->","yoast_head_json":{"title":"Sal Island for Cape Verde Holidays | The Lagoon","description":"Explore Sal Island\u2019s golden beaches, crystal-clear waters & vibrant culture. Experience unforgettable Cape Verde with The Lagoon Resorts. Click today for more info.","robots":{"index":"noindex","follow":"follow","max-snippet":"max-snippet:-1","max-image-preview":"max-image-preview:large","max-video-preview":"max-video-preview:-1"},"og_locale":"fr_FR","og_type":"article","og_title":"Sal Island for Cape Verde Holidays | The Lagoon","og_description":"Explore Sal Island\u2019s golden beaches, crystal-clear waters & vibrant culture. Experience unforgettable Cape Verde with The Lagoon Resorts. Click today for more info.","og_url":"https:\/\/lagoonresort.blimeystage.co.uk\/fr\/ile-de-sal\/","og_site_name":"The Lagoon","article_modified_time":"2025-02-17T11:20:58+00:00","og_image":[{"width":1445,"height":867,"url":"https:\/\/lagoonresort.blimeystage.co.uk\/wp-content\/uploads\/salislandpageheader-bannerimage-1445x867px.webp","type":"image\/webp"}],"twitter_card":"summary_large_image","twitter_misc":{"Dur\u00e9e de lecture estim\u00e9e":"5 minutes"},"schema":{"@context":"https:\/\/schema.org","@graph":[{"@type":"WebPage","@id":"https:\/\/lagoonresort.blimeystage.co.uk\/sal-island\/","url":"https:\/\/lagoonresort.blimeystage.co.uk\/sal-island\/","name":"Sal Island for Cape Verde Holidays | The Lagoon","isPartOf":{"@id":"https:\/\/lagoonresort.blimeystage.co.uk\/#website"},"primaryImageOfPage":{"@id":"https:\/\/lagoonresort.blimeystage.co.uk\/sal-island\/#primaryimage"},"image":{"@id":"https:\/\/lagoonresort.blimeystage.co.uk\/sal-island\/#primaryimage"},"thumbnailUrl":"https:\/\/lagoonresort.blimeystage.co.uk\/wp-content\/uploads\/salislandpageheader-bannerimage-1445x867px.webp","datePublished":"2024-06-24T14:29:55+00:00","dateModified":"2025-02-17T11:20:58+00:00","description":"Explore Sal Island\u2019s golden beaches, crystal-clear waters & vibrant culture. Experience unforgettable Cape Verde with The Lagoon Resorts. Click today for more info.","breadcrumb":{"@id":"https:\/\/lagoonresort.blimeystage.co.uk\/sal-island\/#breadcrumb"},"inLanguage":"fr-FR","potentialAction":[{"@type":"ReadAction","target":["https:\/\/lagoonresort.blimeystage.co.uk\/sal-island\/"]}]},{"@type":"ImageObject","inLanguage":"fr-FR","@id":"https:\/\/lagoonresort.blimeystage.co.uk\/sal-island\/#primaryimage","url":"https:\/\/lagoonresort.blimeystage.co.uk\/wp-content\/uploads\/salislandpageheader-bannerimage-1445x867px.webp","contentUrl":"https:\/\/lagoonresort.blimeystage.co.uk\/wp-content\/uploads\/salislandpageheader-bannerimage-1445x867px.webp","width":1445,"height":867,"caption":"Boats on the beach in Cape Verde"},{"@type":"BreadcrumbList","@id":"https:\/\/lagoonresort.blimeystage.co.uk\/sal-island\/#breadcrumb","itemListElement":[{"@type":"ListItem","position":1,"name":"Home","item":"https:\/\/lagoonresort.blimeystage.co.uk\/"},{"@type":"ListItem","position":2,"name":"Sal Island"}]},{"@type":"WebSite","@id":"https:\/\/lagoonresort.blimeystage.co.uk\/#website","url":"https:\/\/lagoonresort.blimeystage.co.uk\/","name":"The Lagoon","description":"Luxury Beach Front Hotels &amp; Spas","publisher":{"@id":"https:\/\/lagoonresort.blimeystage.co.uk\/#organization"},"potentialAction":[{"@type":"SearchAction","target":{"@type":"EntryPoint","urlTemplate":"https:\/\/lagoonresort.blimeystage.co.uk\/?s={search_term_string}"},"query-input":{"@type":"PropertyValueSpecification","valueRequired":true,"valueName":"search_term_string"}}],"inLanguage":"fr-FR"},{"@type":"Organization","@id":"https:\/\/lagoonresort.blimeystage.co.uk\/#organization","name":"The Lagoon","url":"https:\/\/lagoonresort.blimeystage.co.uk\/","logo":{"@type":"ImageObject","inLanguage":"fr-FR","@id":"https:\/\/lagoonresort.blimeystage.co.uk\/#\/schema\/logo\/image\/","url":"https:\/\/lagoonresort.blimeystage.co.uk\/wp-content\/uploads\/dunasresortpageheader-bannerimage-1445x867px.webp","contentUrl":"https:\/\/lagoonresort.blimeystage.co.uk\/wp-content\/uploads\/dunasresortpageheader-bannerimage-1445x867px.webp","width":1445,"height":867,"caption":"The Lagoon"},"image":{"@id":"https:\/\/lagoonresort.blimeystage.co.uk\/#\/schema\/logo\/image\/"}}]}},"_links":{"self":[{"href":"https:\/\/lagoonresort.blimeystage.co.uk\/fr\/wp-json\/wp\/v2\/pages\/250328"}],"collection":[{"href":"https:\/\/lagoonresort.blimeystage.co.uk\/fr\/wp-json\/wp\/v2\/pages"}],"about":[{"href":"https:\/\/lagoonresort.blimeystage.co.uk\/fr\/wp-json\/wp\/v2\/types\/page"}],"author":[{"embeddable":true,"href":"https:\/\/lagoonresort.blimeystage.co.uk\/fr\/wp-json\/wp\/v2\/users\/7"}],"replies":[{"embeddable":true,"href":"https:\/\/lagoonresort.blimeystage.co.uk\/fr\/wp-json\/wp\/v2\/comments?post=250328"}],"version-history":[{"count":6,"href":"https:\/\/lagoonresort.blimeystage.co.uk\/fr\/wp-json\/wp\/v2\/pages\/250328\/revisions"}],"predecessor-version":[{"id":252472,"href":"https:\/\/lagoonresort.blimeystage.co.uk\/fr\/wp-json\/wp\/v2\/pages\/250328\/revisions\/252472"}],"wp:featuredmedia":[{"embeddable":true,"href":"https:\/\/lagoonresort.blimeystage.co.uk\/fr\/wp-json\/wp\/v2\/media\/250747"}],"wp:attachment":[{"href":"https:\/\/lagoonresort.blimeystage.co.uk\/fr\/wp-json\/wp\/v2\/media?parent=250328"}],"curies":[{"name":"wp","href":"https:\/\/api.w.org\/{rel}","templated":true}]}}