{"id":335,"date":"2024-05-22T13:53:37","date_gmt":"2024-05-22T13:53:37","guid":{"rendered":"https:\/\/lagoonresort.blimeystage.co.uk\/?page_id=335"},"modified":"2025-07-15T13:32:13","modified_gmt":"2025-07-15T13:32:13","slug":"booking-conditions","status":"publish","type":"page","link":"https:\/\/lagoonresort.blimeystage.co.uk\/fr\/conditions-de-reservation\/","title":{"rendered":"Conditions de r\u00e9servation"},"content":{"rendered":"<p>[et_pb_section fb_built=\"1\u2033 _builder_version=\"4.25.1\u2033 _module_preset=\"default\" global_colors_info=\"{}\"][et_pb_row column_structure=\"1_2,1_2\u2033 make_equal=\"on\" _builder_version=\"4.27.2\u2033 _module_preset=\"default\" global_colors_info=\"{}\"][et_pb_column type=\"1_2\u2033 admin_label=\"Column\" _builder_version=\"4.27.2\u2033 _module_preset=\"default\" custom_css_main_element=\"margin : auto ;\" pac_dcm_carousel_specific_module_num=\"0\u2033 global_colors_info=\"{}\"][et_pb_text _builder_version=\"4.27.2\u2033 _module_preset=\"default\" text_font=\"||||||||\" header_font=\"|||||on||\" header_font_size=\"36px\" header_2_font=\"||on|||||\" header_2_font_size=\"34px\" min_height=\"103px\" custom_padding_tablet=\"\" custom_padding_phone=\"|0px|30px|0px|false|true\" custom_padding_last_edited=\"on|tablet\" hover_enabled=\"0\u2033 custom_css_free_form=\".toc-list li{|| font-weight : 600;||}\" locked=\"off\" global_colors_info=\"{}\" sticky_enabled=\"0\u2033]<\/p>\n<h1>CONDITIONS DE R\u00c9SERVATION<\/h1>\n<p>&nbsp;<\/p>\n<h3>LES AVANTAGES DE LA R\u00c9SERVATION D'UN S\u00c9JOUR AU LAGON<\/h3>\n<ol>\n<li>15% Remise de r\u00e9servation<\/li>\n<li>Transferts gratuits \u00e0 l'a\u00e9roport<\/li>\n<li>Jusqu'\u00e0 10% de r\u00e9duction sur le forfait VIP The Lagoon<\/li>\n<\/ol>\n<h3>OFFRE SUR LE SITE WEB - Conditions g\u00e9n\u00e9rales<\/h3>\n<ol class=\"toc-list\">\n<li>15% Remise sur r\u00e9servation :<\/li>\n<p>La r\u00e9duction 15% ne s'applique qu'aux r\u00e9servations effectu\u00e9es jusqu'\u00e0 la fin du mois de septembre 2025.<\/p>\n<li>Transfert GRATUIT \u00e0 l'a\u00e9roport :<\/li>\n<p>D\u00e8s la confirmation de votre r\u00e9servation, votre transfert priv\u00e9 depuis l'a\u00e9roport sera organis\u00e9 et r\u00e9serv\u00e9 par l'h\u00f4tel. The Lagoon vous contactera par e-mail pour obtenir les d\u00e9tails de votre vol afin de permettre la r\u00e9servation du transfert et le nom du passager principal sera donn\u00e9 \u00e0 la compagnie de taxi comme personne \u00e0 nommer sur sa carte d'arriv\u00e9e. Seul le nombre d'invit\u00e9s r\u00e9serv\u00e9 au moment de la r\u00e9servation pourra b\u00e9n\u00e9ficier du transfert. Les clients doivent quitter l'a\u00e9roport le plus rapidement possible apr\u00e8s avoir r\u00e9cup\u00e9r\u00e9 leurs bagages, afin de rencontrer le chauffeur qui leur a \u00e9t\u00e9 attribu\u00e9. Les clients doivent se renseigner aupr\u00e8s de la r\u00e9ception de leur h\u00f4tel 24 heures avant leur d\u00e9part pour conna\u00eetre l'heure de prise en charge qui leur a \u00e9t\u00e9 attribu\u00e9e pour le retour \u00e0 l'a\u00e9roport et doivent \u00eatre \u00e0 l'heure pour leur transfert. Si le client n'arrive pas \u00e0 l'heure pr\u00e9vue, son transfert sera annul\u00e9 et il devra organiser son propre transfert \u00e0 ses frais.<\/p>\n<li>Forfait VIP \u00e0 prix r\u00e9duit :<\/li>\n<p>Ajoutez le forfait VIP \u00e0 votre panier au moment de la r\u00e9servation pour chaque invit\u00e9 et b\u00e9n\u00e9ficiez de la r\u00e9duction 10% pour chaque jour de r\u00e9servation. Cette offre n'est valable que si vous r\u00e9servez votre acc\u00e8s VIP en ligne sur le site de The Lagoon et ne sera pas valable si vous r\u00e9servez votre forfait VIP \u00e0 votre arriv\u00e9e au centre de vill\u00e9giature.\n<\/ol>\n<h3>POLITIQUE D'EXACTITUDE ET DE TARIFICATION DU SITE WEB<\/h3>\n<p>Les informations figurant sur notre site web sont bas\u00e9es sur nos propres visites et sur les informations fournies par nos fournisseurs et ont \u00e9t\u00e9 v\u00e9rifi\u00e9es pour garantir leur exactitude au moment de leur publication.<\/p>\n<p>Les prix indiqu\u00e9s sur notre site web \u00e9taient corrects au moment de la publication. Les prix peuvent changer avant que vous ne r\u00e9serviez, auquel cas nous vous en informerons avant d'accepter votre r\u00e9servation.<\/p>\n<p>Si nous avons \u00e9t\u00e9 inform\u00e9s d'un changement, nous vous en informerons avant d'accepter votre r\u00e9servation ou, le cas \u00e9ch\u00e9ant, le plus t\u00f4t possible avant le d\u00e9part.<\/p>\n<p>La disponibilit\u00e9 de certains \u00e9quipements et services, notamment les restaurants, les sports nautiques et les clubs pour enfants, peut \u00eatre affect\u00e9e par les conditions locales, telles que les intemp\u00e9ries, les jours f\u00e9ri\u00e9s ou un faible taux d'occupation.<\/p>\n<h3>OFFRES SP\u00c9CIALES<\/h3>\n<p>Veuillez vous assurer que vous avez lu et compris les conditions des offres sp\u00e9ciales applicables \u00e0 votre s\u00e9jour. Certaines offres peuvent n\u00e9cessiter des paiements suppl\u00e9mentaires \u00e0 effectuer localement directement \u00e0 l'\u00e9tablissement ou peuvent impliquer des surclassements de chambre, un enregistrement anticip\u00e9 ou un d\u00e9part tardif qui ne peuvent \u00eatre confirm\u00e9s qu'\u00e0 votre arriv\u00e9e. Les offres sp\u00e9ciales peuvent \u00eatre retir\u00e9es ou modifi\u00e9es \u00e0 tout moment.<\/p>\n<h3>DOCUMENTS<\/h3>\n<p>Vos documents de voyage seront envoy\u00e9s par courrier \u00e9lectronique aux coordonn\u00e9es figurant sur votre r\u00e9servation.<\/p>\n<h3>TAXES<\/h3>\n<p>Les visiteurs du Cap-Vert doivent s'acquitter d'une taxe de s\u00e9jour. La taxe s'applique \u00e0 tous les visiteurs qui s\u00e9journent dans des h\u00f4tels, des appartements, des villas, des chambres d'h\u00f4tes, etc. La taxe s'\u00e9l\u00e8ve \u00e0 2,50 \u20ac (276 CVE) par personne et par nuit pour un maximum de 10 nuits, avec un maximum de 25 \u20ac par personne. Les visiteurs de moins de 16 ans sont exon\u00e9r\u00e9s. Il est donc recommand\u00e9 de conserver suffisamment de monnaie locale pour faire face \u00e0 ces charges.<\/p>\n<h3>VOTRE RESPONSABILIT\u00c9<\/h3>\n<p>Il est de votre responsabilit\u00e9 d'arriver \u00e0 l'heure pour les vols, les croisi\u00e8res et toutes les r\u00e9servations et de reconfirmer vos arrangements (si n\u00e9cessaire), ainsi que de r\u00e9pondre \u00e0 toutes les exigences des autorit\u00e9s locales en mati\u00e8re de voyage.<\/p>\n<p>Vous devez vous comporter de mani\u00e8re raisonnable et responsable \u00e0 l'\u00e9gard des autres personnes que vous rencontrez au cours de votre voyage.<\/p>\n<p>Nous nous r\u00e9servons le droit d'annuler imm\u00e9diatement tout arrangement de vacances en cas de comportement indisciplin\u00e9 \u00e0 l'\u00e9gard de nos fournisseurs ou de leurs agents. Dans ce cas, vous devrez payer l'int\u00e9gralit\u00e9 des frais d'annulation et des co\u00fbts li\u00e9s \u00e0 l'achat d'un voyage de remplacement.<\/p>\n<h3>ASSURANCE VOYAGE<\/h3>\n<p>Il est fortement recommand\u00e9 de souscrire une assurance voyage ad\u00e9quate au moment de la confirmation de votre r\u00e9servation. L'assurance voyage n'est pas incluse dans votre r\u00e9servation aupr\u00e8s de The Lagoon et il est de votre responsabilit\u00e9 de vous assurer que vous disposez d'une couverture ad\u00e9quate avant de voyager.<\/p>\n<h3>EXIGENCES EN MATI\u00c8RE DE PASSEPORT ET DE VISA<\/h3>\n<p>Veuillez vous assurer que vous \u00eates pleinement conscient des exigences en mati\u00e8re de passeport et de visa et que vous pr\u00e9voyez suffisamment de temps pour les obtenir. Nous vous recommandons de voyager avec un passeport dont la dur\u00e9e de validit\u00e9 est d'au moins 6 mois. Il s'agit d'une exigence de l'immigration pour de nombreux pays et compagnies a\u00e9riennes. Veuillez v\u00e9rifier aupr\u00e8s de notre service des visas si vous ne disposez pas de la dur\u00e9e de validit\u00e9 recommand\u00e9e pendant votre voyage. Veillez \u00e9galement \u00e0 ce qu'il y ait suffisamment de pages vierges pour permettre l'obtention d'\u00e9ventuels visas en cours de route. Les passeports doivent \u00eatre lisibles \u00e0 la machine pour pouvoir voyager dans de nombreux pays. Si vous avez l'intention de visiter ou de transiter par d'autres pays, assurez-vous de conna\u00eetre toutes les exigences en mati\u00e8re de visas et de passeports. Si votre passeport est dans sa derni\u00e8re ann\u00e9e, v\u00e9rifiez aupr\u00e8s de l'ambassade ou du pays que vous visitez. Pour plus d'informations, consultez le site <a href=\"https:\/\/www.gov.uk\/browse\/citizenship\/passports\">Page des passeports du gouvernement britannique<\/a>.<\/p>\n<h3>CONSEILS DU MINIST\u00c8RE DES AFFAIRES \u00c9TRANG\u00c8RES<\/h3>\n<p>Il vous incombe de vous informer des conseils du Foreign, Commonwealth and Development Office (FCDO) concernant la s\u00e9curit\u00e9 des pays et des r\u00e9gions dans lesquels vous allez voyager et de prendre vos d\u00e9cisions en cons\u00e9quence. Pour obtenir les conseils de voyage les plus r\u00e9cents, notamment en ce qui concerne la s\u00e9curit\u00e9 et les lois et coutumes locales, nous vous conseillons de consulter le site gov.uk\/foreign-travel-advice. Nous vous conseillons de consulter r\u00e9guli\u00e8rement ce site, car les conseils sont fr\u00e9quemment mis \u00e0 jour.<\/p>\n<h3>LES CONDITIONS M\u00c9DICALES, LES EXIGENCES EN MATI\u00c8RE DE MOBILIT\u00c9 ET DE HANDICAP ET<br \/>\nVOTRE CAPACIT\u00c9 \u00c0 PARTICIPER<\/h3>\n<p>Si l'un des membres de votre groupe souffre d'une maladie ou d'un handicap susceptible d'affecter votre r\u00e9servation, veuillez nous en informer avant de faire votre r\u00e9servation afin que nous puissions essayer de confirmer l'ad\u00e9quation des dispositions choisies.<\/p>\n<h3>EXIGENCES EN MATI\u00c8RE DE SANT\u00c9<\/h3>\n<p>Les infrastructures sanitaires, l'hygi\u00e8ne et les risques de maladie varient d'un pays \u00e0 l'autre. Il est donc conseill\u00e9 de consulter le plus t\u00f4t possible un m\u00e9decin pour conna\u00eetre ses besoins sp\u00e9cifiques. Il est de votre responsabilit\u00e9 de vous assurer que vous vous \u00eates conform\u00e9 \u00e0 toutes les exigences en mati\u00e8re de sant\u00e9 et d'immunisation des pays que vous visitez. Des informations sont disponibles \u00e0 l'adresse suivante\u00a0<a href=\"https:\/\/travelhealthpro.org.uk\/.\">Travel Health Pro<\/a>.<\/p>\n<h3>CHAMBRES<\/h3>\n<p>Les prix indiqu\u00e9s sur notre site web sont g\u00e9n\u00e9ralement bas\u00e9s sur la cat\u00e9gorie de chambre\/stateroom la plus basse pour chacune des propri\u00e9t\u00e9s que nous pr\u00e9sentons, sauf indication contraire dans les prix.<\/p>\n<h3>OCCUPATION DES SALLES<\/h3>\n<p>Les prix indiqu\u00e9s sur notre site Internet correspondent \u00e0 une occupation double\/jumelle d'une chambre. La configuration peut \u00eatre un ou deux lits doubles ou, dans le cas d'une chambre \u00e0 deux lits, g\u00e9n\u00e9ralement un lit double et un canap\u00e9-lit ou deux lits simples. Lorsque les prix sont indiqu\u00e9s pour les enfants, ils sont calcul\u00e9s sur la base que les enfants partagent la chambre des adultes dans les lits existants ou peuvent impliquer l'utilisation d'un lit d'appoint ou d'un canap\u00e9-lit suppl\u00e9mentaire, sauf indication contraire. Lorsque 3 ou 4 adultes sont autoris\u00e9s \u00e0 partager une chambre, les prix sont disponibles sur demande, mais sur la base de l'utilisation du lit existant.<\/p>\n<h3>DEMANDE SP\u00c9CIALE<\/h3>\n<p>Si vous avez une demande sp\u00e9cifique, veuillez nous en informer au moment de la r\u00e9servation. Nous transmettrons votre demande au directeur, mais veuillez noter que ces demandes ne peuvent \u00eatre garanties et restent soumises \u00e0 la disponibilit\u00e9 au moment de l'enregistrement. Le fait qu'une demande sp\u00e9ciale ait \u00e9t\u00e9 not\u00e9e sur votre itin\u00e9raire de confirmation ou sur tout autre document, ou qu'elle ait \u00e9t\u00e9 transmise au fournisseur, ne constitue pas une confirmation que la demande sera satisfaite. Le fait de ne pas r\u00e9pondre \u00e0 une demande sp\u00e9ciale ne constitue pas une rupture de contrat de notre part, sauf si la demande a \u00e9t\u00e9 sp\u00e9cifiquement confirm\u00e9e par nous. Nous n'acceptons pas les r\u00e9servations qui sont conditionn\u00e9es par la satisfaction d'une demande sp\u00e9ciale.<\/p>\n<h3>ENREGISTREMENT ET D\u00c9PART DE L'H\u00d4TEL<\/h3>\n<p>Les heures d'arriv\u00e9e et de d\u00e9part des chambres varient d'un \u00e9tablissement \u00e0 l'autre et vous devez v\u00e9rifier les heures exactes aupr\u00e8s de votre conseiller. Les chambres ne sont g\u00e9n\u00e9ralement pas disponibles avant le milieu de l'apr\u00e8s-midi (15h-16h) et vous devrez lib\u00e9rer votre chambre \u00e0 partir du milieu de la matin\u00e9e (11h-12h).<\/p>\n<h3>PAIEMENT<\/h3>\n<p>Si vous avez effectu\u00e9 un pr\u00e9paiement, vous devez payer la totalit\u00e9 du solde \u00e0 la date d'\u00e9ch\u00e9ance qui vous a \u00e9t\u00e9 notifi\u00e9e. Si le paiement int\u00e9gral n'est pas re\u00e7u \u00e0 la date d'\u00e9ch\u00e9ance du solde, nous pouvons annuler votre r\u00e9servation et vous facturer des frais d'annulation.<\/p>\n<h3>MODIFICATIONS ET ANNULATIONS<\/h3>\n<p>Politique de r\u00e9servation non remboursable<\/p>\n<p>Si vous devez annuler votre s\u00e9jour, vous devrez nous en informer par \u00e9crit au moins 24 heures avant la date d'arriv\u00e9e \u00e0 l'adresse info@lagoonresort.com. Vous aurez alors la possibilit\u00e9 de reporter votre s\u00e9jour \u00e0 une date ult\u00e9rieure, moyennant des frais de 30 euros par personne. En cas de pr\u00e9avis donn\u00e9 plus de 24 heures avant l'enregistrement, ou en cas de \"no show\", le montant total sera factur\u00e9. Dans ce cas, vous n'aurez pas la possibilit\u00e9 de reporter votre s\u00e9jour.<\/p>\n<p>Politique d'annulation flexible<\/p>\n<p>Si vous devez annuler votre s\u00e9jour, vous devrez nous en informer par \u00e9crit au moins 24 heures avant la date d'arriv\u00e9e \u00e0 l'adresse info@lagoonresort.com. Il vous sera alors propos\u00e9 un remboursement int\u00e9gral ou la possibilit\u00e9 de reprogrammer votre s\u00e9jour sans frais suppl\u00e9mentaires. En cas d'annulation plus de 24 heures avant l'enregistrement, ou en cas de \"no show\", le montant total du s\u00e9jour sera factur\u00e9. Dans ce cas, vous n'aurez pas la possibilit\u00e9 de reporter votre s\u00e9jour ou d'\u00eatre rembours\u00e9.<\/p>\n<h3>R\u00c9CLAMATIONS<\/h3>\n<p>Bien que nous fassions tout notre possible pour que vos vacances se d\u00e9roulent sans encombre, il peut arriver que les choses ne se passent pas comme pr\u00e9vu. The Lagoon ne se tiendra pas responsable de la non-ex\u00e9cution d'un itin\u00e9raire pour des raisons ind\u00e9pendantes de sa volont\u00e9 ou si elle n'est pas inform\u00e9e d'un probl\u00e8me au moment o\u00f9 des mesures correctives peuvent \u00eatre prises.<\/p>\n<p>(a) Si vous avez une plainte ou un probl\u00e8me, vous devez en informer imm\u00e9diatement le repr\u00e9sentant local du directeur de l'\u00e9cole, afin qu'il ait la possibilit\u00e9 d'arranger les choses.<\/p>\n<p>(b) Si votre plainte ou votre probl\u00e8me n'a pas \u00e9t\u00e9 r\u00e9solu \u00e0 votre enti\u00e8re satisfaction, veuillez appeler ou envoyer un courriel \u00e0 shazia@lagoonresort.com afin que nous ayons la possibilit\u00e9 de vous aider \u00e0 prendre contact avec le directeur.<\/p>\n<p>(c) Si vous ne suivez pas l'une ou l'autre de ces proc\u00e9dures, votre droit \u00e0 l'indemnisation peut \u00eatre affect\u00e9, car le directeur aura \u00e9t\u00e9 priv\u00e9 de la possibilit\u00e9 de rem\u00e9dier au probl\u00e8me.<\/p>\n<p>(d) Si vous avez encore des raisons de vous plaindre \u00e0 votre retour au Royaume-Uni, vous devez \u00e9crire au directeur dans les 28 jours en indiquant le num\u00e9ro de r\u00e9f\u00e9rence de votre r\u00e9servation et en exposant en d\u00e9tail les raisons de votre plainte ou de votre m\u00e9contentement.<\/p>\n<h3>D\u00c9CLARATION SUR LE GDPR<\/h3>\n<p>The Lagoon prend tr\u00e8s au s\u00e9rieux la collecte, le traitement et la gestion des donn\u00e9es de ses clients. L'entreprise s'efforce d'\u00eatre enti\u00e8rement conforme au GDPR, et nous r\u00e9visons r\u00e9guli\u00e8rement nos politiques de gestion des donn\u00e9es. Nous avons mis en place des mesures pour prot\u00e9ger les informations personnelles de r\u00e9servation que nous d\u00e9tenons et que nous transmettons aux fournisseurs concern\u00e9s par votre voyage. Il peut s'agir d'autorit\u00e9s publiques telles que les douanes et l'immigration, ainsi que de services de s\u00e9curit\u00e9 ou de cartes de cr\u00e9dit. Si vous voyagez en dehors de l'Espace \u00e9conomique europ\u00e9en (EEE), les contr\u00f4les sur la protection des donn\u00e9es peuvent ne pas \u00eatre aussi stricts que ceux de l'EEE. Sauf obligation l\u00e9gale, nous ne transmettrons vos informations qu'aux personnes responsables de l'organisation de votre voyage, ce qui peut inclure des informations sensibles telles que des d\u00e9tails sur les handicaps, les r\u00e9gimes alimentaires ou les exigences religieuses. En effectuant une r\u00e9servation, vous consentez \u00e0 ce que les informations pertinentes soient transmises comme indiqu\u00e9 ci-dessus.<\/p>\n<p>Si vous avez d'autres questions ou pr\u00e9occupations, vous pouvez contacter notre d\u00e9l\u00e9gu\u00e9 \u00e0 la protection des donn\u00e9es dont les coordonn\u00e9es figurent ci-dessous :<\/p>\n<p><strong>info@lagoonresort.com<\/strong>[\/et_pb_text][\/et_pb_column][et_pb_column type=\"1_2\u2033 _builder_version=\"4.25.1\u2033 _module_preset=\"default\" custom_css_main_element=\"margin : auto ;\" pac_dcm_carousel_specific_module_num=\"0\u2033 global_colors_info=\"{}\"][\/et_pb_column][\/et_pb_row][\/et_pb_section]<\/p>","protected":false},"excerpt":{"rendered":"<p>CONDITIONS DE R\u00c9SERVATION LES AVANTAGES DE R\u00c9SERVER VOTRE S\u00c9JOUR AU LAGOON 15% Remise sur la r\u00e9servation Transferts gratuits \u00e0 l'a\u00e9roport Jusqu'\u00e0 10% de remise sur le forfait VIP The Lagoon OFFRE DU SITE WEB - Conditions g\u00e9n\u00e9rales 15% Remise sur la r\u00e9servation : La remise de 15% s'applique uniquement aux r\u00e9servations effectu\u00e9es jusqu'\u00e0 la fin du mois de septembre 2025 Transfert a\u00e9roportuaire gratuit : Sur confirmation [...]<\/p>","protected":false},"author":7,"featured_media":0,"parent":0,"menu_order":0,"comment_status":"closed","ping_status":"closed","template":"","meta":{"_et_pb_use_builder":"on","_et_pb_old_content":"","_et_gb_content_width":"","content-type":"","footnotes":""},"class_list":["post-335","page","type-page","status-publish","hentry"],"yoast_head":"<!-- This site is optimized with the Yoast SEO plugin v23.6 - https:\/\/yoast.com\/wordpress\/plugins\/seo\/ -->\n<title>Booking Conditions | The Lagoon<\/title>\n<meta name=\"description\" content=\"Learn about our booking conditions for your Cape Verde getaway. Plan with confidence &amp; secure your dream holiday with The Lagoon.\" \/>\n<meta name=\"robots\" content=\"noindex, follow, max-snippet:-1, max-image-preview:large, max-video-preview:-1\" \/>\n<meta property=\"og:locale\" content=\"fr_FR\" \/>\n<meta property=\"og:type\" content=\"article\" \/>\n<meta property=\"og:title\" content=\"Booking Conditions | The Lagoon\" \/>\n<meta property=\"og:description\" content=\"Learn about our booking conditions for your Cape Verde getaway. Plan with confidence &amp; secure your dream holiday with The Lagoon.\" \/>\n<meta property=\"og:url\" content=\"https:\/\/lagoonresort.blimeystage.co.uk\/fr\/conditions-de-reservation\/\" \/>\n<meta property=\"og:site_name\" content=\"The Lagoon\" \/>\n<meta property=\"article:modified_time\" content=\"2025-07-15T13:32:13+00:00\" \/>\n<meta name=\"twitter:card\" content=\"summary_large_image\" \/>\n<meta name=\"twitter:label1\" content=\"Dur\u00e9e de lecture estim\u00e9e\" \/>\n\t<meta name=\"twitter:data1\" content=\"9 minutes\" \/>\n<script type=\"application\/ld+json\" class=\"yoast-schema-graph\">{\"@context\":\"https:\/\/schema.org\",\"@graph\":[{\"@type\":\"WebPage\",\"@id\":\"https:\/\/lagoonresort.blimeystage.co.uk\/booking-conditions\/\",\"url\":\"https:\/\/lagoonresort.blimeystage.co.uk\/booking-conditions\/\",\"name\":\"Booking Conditions | The Lagoon\",\"isPartOf\":{\"@id\":\"https:\/\/lagoonresort.blimeystage.co.uk\/#website\"},\"datePublished\":\"2024-05-22T13:53:37+00:00\",\"dateModified\":\"2025-07-15T13:32:13+00:00\",\"description\":\"Learn about our booking conditions for your Cape Verde getaway. Plan with confidence & secure your dream holiday with The Lagoon.\",\"breadcrumb\":{\"@id\":\"https:\/\/lagoonresort.blimeystage.co.uk\/booking-conditions\/#breadcrumb\"},\"inLanguage\":\"fr-FR\",\"potentialAction\":[{\"@type\":\"ReadAction\",\"target\":[\"https:\/\/lagoonresort.blimeystage.co.uk\/booking-conditions\/\"]}]},{\"@type\":\"BreadcrumbList\",\"@id\":\"https:\/\/lagoonresort.blimeystage.co.uk\/booking-conditions\/#breadcrumb\",\"itemListElement\":[{\"@type\":\"ListItem\",\"position\":1,\"name\":\"Home\",\"item\":\"https:\/\/lagoonresort.blimeystage.co.uk\/\"},{\"@type\":\"ListItem\",\"position\":2,\"name\":\"Booking Conditions\"}]},{\"@type\":\"WebSite\",\"@id\":\"https:\/\/lagoonresort.blimeystage.co.uk\/#website\",\"url\":\"https:\/\/lagoonresort.blimeystage.co.uk\/\",\"name\":\"The Lagoon\",\"description\":\"Luxury Beach Front Hotels &amp; Spas\",\"publisher\":{\"@id\":\"https:\/\/lagoonresort.blimeystage.co.uk\/#organization\"},\"potentialAction\":[{\"@type\":\"SearchAction\",\"target\":{\"@type\":\"EntryPoint\",\"urlTemplate\":\"https:\/\/lagoonresort.blimeystage.co.uk\/?s={search_term_string}\"},\"query-input\":{\"@type\":\"PropertyValueSpecification\",\"valueRequired\":true,\"valueName\":\"search_term_string\"}}],\"inLanguage\":\"fr-FR\"},{\"@type\":\"Organization\",\"@id\":\"https:\/\/lagoonresort.blimeystage.co.uk\/#organization\",\"name\":\"The Lagoon\",\"url\":\"https:\/\/lagoonresort.blimeystage.co.uk\/\",\"logo\":{\"@type\":\"ImageObject\",\"inLanguage\":\"fr-FR\",\"@id\":\"https:\/\/lagoonresort.blimeystage.co.uk\/#\/schema\/logo\/image\/\",\"url\":\"https:\/\/lagoonresort.blimeystage.co.uk\/wp-content\/uploads\/dunasresortpageheader-bannerimage-1445x867px.webp\",\"contentUrl\":\"https:\/\/lagoonresort.blimeystage.co.uk\/wp-content\/uploads\/dunasresortpageheader-bannerimage-1445x867px.webp\",\"width\":1445,\"height\":867,\"caption\":\"The Lagoon\"},\"image\":{\"@id\":\"https:\/\/lagoonresort.blimeystage.co.uk\/#\/schema\/logo\/image\/\"}}]}<\/script>\n<!-- \/ Yoast SEO plugin. -->","yoast_head_json":{"title":"Booking Conditions | The Lagoon","description":"Learn about our booking conditions for your Cape Verde getaway. Plan with confidence & secure your dream holiday with The Lagoon.","robots":{"index":"noindex","follow":"follow","max-snippet":"max-snippet:-1","max-image-preview":"max-image-preview:large","max-video-preview":"max-video-preview:-1"},"og_locale":"fr_FR","og_type":"article","og_title":"Booking Conditions | The Lagoon","og_description":"Learn about our booking conditions for your Cape Verde getaway. Plan with confidence & secure your dream holiday with The Lagoon.","og_url":"https:\/\/lagoonresort.blimeystage.co.uk\/fr\/conditions-de-reservation\/","og_site_name":"The Lagoon","article_modified_time":"2025-07-15T13:32:13+00:00","twitter_card":"summary_large_image","twitter_misc":{"Dur\u00e9e de lecture estim\u00e9e":"9 minutes"},"schema":{"@context":"https:\/\/schema.org","@graph":[{"@type":"WebPage","@id":"https:\/\/lagoonresort.blimeystage.co.uk\/booking-conditions\/","url":"https:\/\/lagoonresort.blimeystage.co.uk\/booking-conditions\/","name":"Booking Conditions | The Lagoon","isPartOf":{"@id":"https:\/\/lagoonresort.blimeystage.co.uk\/#website"},"datePublished":"2024-05-22T13:53:37+00:00","dateModified":"2025-07-15T13:32:13+00:00","description":"Learn about our booking conditions for your Cape Verde getaway. Plan with confidence & secure your dream holiday with The Lagoon.","breadcrumb":{"@id":"https:\/\/lagoonresort.blimeystage.co.uk\/booking-conditions\/#breadcrumb"},"inLanguage":"fr-FR","potentialAction":[{"@type":"ReadAction","target":["https:\/\/lagoonresort.blimeystage.co.uk\/booking-conditions\/"]}]},{"@type":"BreadcrumbList","@id":"https:\/\/lagoonresort.blimeystage.co.uk\/booking-conditions\/#breadcrumb","itemListElement":[{"@type":"ListItem","position":1,"name":"Home","item":"https:\/\/lagoonresort.blimeystage.co.uk\/"},{"@type":"ListItem","position":2,"name":"Booking Conditions"}]},{"@type":"WebSite","@id":"https:\/\/lagoonresort.blimeystage.co.uk\/#website","url":"https:\/\/lagoonresort.blimeystage.co.uk\/","name":"The Lagoon","description":"Luxury Beach Front Hotels &amp; Spas","publisher":{"@id":"https:\/\/lagoonresort.blimeystage.co.uk\/#organization"},"potentialAction":[{"@type":"SearchAction","target":{"@type":"EntryPoint","urlTemplate":"https:\/\/lagoonresort.blimeystage.co.uk\/?s={search_term_string}"},"query-input":{"@type":"PropertyValueSpecification","valueRequired":true,"valueName":"search_term_string"}}],"inLanguage":"fr-FR"},{"@type":"Organization","@id":"https:\/\/lagoonresort.blimeystage.co.uk\/#organization","name":"The Lagoon","url":"https:\/\/lagoonresort.blimeystage.co.uk\/","logo":{"@type":"ImageObject","inLanguage":"fr-FR","@id":"https:\/\/lagoonresort.blimeystage.co.uk\/#\/schema\/logo\/image\/","url":"https:\/\/lagoonresort.blimeystage.co.uk\/wp-content\/uploads\/dunasresortpageheader-bannerimage-1445x867px.webp","contentUrl":"https:\/\/lagoonresort.blimeystage.co.uk\/wp-content\/uploads\/dunasresortpageheader-bannerimage-1445x867px.webp","width":1445,"height":867,"caption":"The Lagoon"},"image":{"@id":"https:\/\/lagoonresort.blimeystage.co.uk\/#\/schema\/logo\/image\/"}}]}},"_links":{"self":[{"href":"https:\/\/lagoonresort.blimeystage.co.uk\/fr\/wp-json\/wp\/v2\/pages\/335"}],"collection":[{"href":"https:\/\/lagoonresort.blimeystage.co.uk\/fr\/wp-json\/wp\/v2\/pages"}],"about":[{"href":"https:\/\/lagoonresort.blimeystage.co.uk\/fr\/wp-json\/wp\/v2\/types\/page"}],"author":[{"embeddable":true,"href":"https:\/\/lagoonresort.blimeystage.co.uk\/fr\/wp-json\/wp\/v2\/users\/7"}],"replies":[{"embeddable":true,"href":"https:\/\/lagoonresort.blimeystage.co.uk\/fr\/wp-json\/wp\/v2\/comments?post=335"}],"version-history":[{"count":23,"href":"https:\/\/lagoonresort.blimeystage.co.uk\/fr\/wp-json\/wp\/v2\/pages\/335\/revisions"}],"predecessor-version":[{"id":254402,"href":"https:\/\/lagoonresort.blimeystage.co.uk\/fr\/wp-json\/wp\/v2\/pages\/335\/revisions\/254402"}],"wp:attachment":[{"href":"https:\/\/lagoonresort.blimeystage.co.uk\/fr\/wp-json\/wp\/v2\/media?parent=335"}],"curies":[{"name":"wp","href":"https:\/\/api.w.org\/{rel}","templated":true}]}}