{"id":335,"date":"2024-05-22T13:53:37","date_gmt":"2024-05-22T13:53:37","guid":{"rendered":"https:\/\/lagoonresort.blimeystage.co.uk\/?page_id=335"},"modified":"2025-07-15T13:32:13","modified_gmt":"2025-07-15T13:32:13","slug":"booking-conditions","status":"publish","type":"page","link":"https:\/\/lagoonresort.blimeystage.co.uk\/it\/condizioni-di-prenotazione\/","title":{"rendered":"Condizioni di prenotazione"},"content":{"rendered":"<p>[et_pb_section fb_built=\"1\u2033 _builder_version=\"4.25.1\u2033 _module_preset=\"default\" global_colors_info=\"{}\"][et_pb_row column_structure=\"1_2,1_2\u2033 make_equal=\"on\" _builder_version=\"4.27.2\u2033 _module_preset=\"default\" global_colors_info=\"{}\"][et_pb_column type=\"1_2\u2033 admin_label=\"Colonna\" _builder_version=\"4.27.2\u2033 _module_preset=\"default\" custom_css_main_element=\"margin: auto;\" pac_dcm_carousel_specific_module_num=\"0\u2033 global_colors_info=\"{}\"][et_pb_text _builder_version=\"4.27.2\u2033 _module_preset=\"default\" text_font=\"||||||||\" header_font=\"|||||on|||\" header_font_size=\"36px\" header_2_font=\"||on|||||\" header_2_font_size=\"34px\" min_height=\"103px\" custom_padding_tablet=\"\" custom_padding_phone=\"|0px|30px|0px|false|true\" custom_padding_last_edited=\"on|tablet\" hover_enabled=\"0\u2033 custom_css_free_form=\".toc-list li{||font-weight: 600;||}\" locked=\"off\" global_colors_info=\"{}\" sticky_enabled=\"0\u2033].<\/p>\n<h1>CONDIZIONI DI PRENOTAZIONE<\/h1>\n<p>&nbsp;<\/p>\n<h3>I VANTAGGI DI PRENOTARE IL VOSTRO SOGGIORNO CON LA LAGUNA<\/h3>\n<ol>\n<li>15% Sconto di prenotazione<\/li>\n<li>Trasferimenti aeroportuali gratuiti<\/li>\n<li>Fino a 10% di sconto sul pacchetto The Lagoon VIP<\/li>\n<\/ol>\n<h3>OFFERTA WEB - Termini e condizioni<\/h3>\n<ol class=\"toc-list\">\n<li>15% Sconto di prenotazione:<\/li>\n<p>Lo sconto 15% si applica solo alle prenotazioni effettuate entro la fine di settembre 2025.<\/p>\n<li>Trasferimento aeroportuale gratuito:<\/li>\n<p>Alla conferma della prenotazione, il trasferimento privato dall'aeroporto sar\u00e0 organizzato e prenotato dal resort. The Lagoon vi contatter\u00e0 via e-mail per ottenere i dettagli del vostro volo per consentire la prenotazione del trasferimento e il nome del passeggero principale sar\u00e0 comunicato alla compagnia di taxi come persona da indicare sul biglietto d'arrivo. Solo il numero di ospiti prenotati al momento della prenotazione avr\u00e0 diritto al trasferimento. Gli ospiti sono tenuti a uscire dall'aeroporto il prima possibile, una volta ritirati i bagagli, per incontrare l'autista assegnato. Gli ospiti dovranno richiedere alla reception del resort 24 ore prima della partenza l'orario di prelievo assegnato per il ritorno all'aeroporto e dovranno essere puntuali per il trasferimento. Il mancato arrivo all'orario di ritiro assegnato comporter\u00e0 la cancellazione del trasferimento e l'assunzione della responsabilit\u00e0 di organizzare il proprio trasferimento a proprie spese.<\/p>\n<li>Pacchetto VIP SCONTATO:<\/li>\n<p>Aggiungete il pacchetto VIP al carrello al momento della prenotazione per ogni ospite e riceverete lo sconto 10% per ogni giorno prenotato. Questa offerta \u00e8 disponibile solo quando si prenota l'accesso VIP online tramite il sito web The Lagoon e non sar\u00e0 disponibile se si prenota il pacchetto VIP quando si arriva al resort.\n<\/ol>\n<h3>ACCURATEZZA DEL SITO WEB E POLIZZA DEI PREZZI<\/h3>\n<p>Le informazioni contenute nel nostro sito web si basano sulle nostre visite personali e sulle informazioni forniteci dai nostri fornitori e sono state controllate per garantirne l'accuratezza al momento della pubblicazione.<\/p>\n<p>I prezzi indicati sul nostro sito web sono corretti al momento della pubblicazione. I prezzi possono cambiare prima della prenotazione, nel qual caso ve lo comunicheremo prima di accettare la prenotazione.<\/p>\n<p>Nel caso in cui ci sia stato notificato un cambiamento, vi informeremo prima di accettare la vostra prenotazione o, se dopo, il prima possibile prima della partenza.<\/p>\n<p>La disponibilit\u00e0 di alcune strutture e servizi, tra cui ristoranti, sport acquatici e club per bambini, pu\u00f2 essere influenzata dalle condizioni locali, come il maltempo, le festivit\u00e0 o la scarsa affluenza.<\/p>\n<h3>OFFERTE SPECIALI<\/h3>\n<p>Assicuratevi di aver letto e compreso le condizioni delle offerte speciali applicabili al vostro soggiorno. Alcune potrebbero richiedere pagamenti aggiuntivi da effettuare in loco direttamente alla struttura o potrebbero comportare upgrade di camera\/ check-in anticipato\/ check-out posticipato che non possono essere confermati fino al vostro arrivo. Le offerte speciali possono essere ritirate o modificate in qualsiasi momento.<\/p>\n<h3>DOCUMENTI<\/h3>\n<p>I documenti di viaggio saranno inviati via e-mail ai recapiti indicati nella prenotazione.<\/p>\n<h3>TASSE<\/h3>\n<p>I visitatori di Capo Verde devono pagare una tassa di soggiorno. La tassa si applica a tutti i visitatori che soggiornano in alberghi, appartamenti, ville, bed &amp; breakfast, ecc. L'imposta ammonta a 2,50 euro (CVE 276) a persona, a notte, per un massimo di 10 notti, fino a un massimo di 25 euro per ogni ospite. I visitatori di et\u00e0 inferiore ai 16 anni sono esenti. Si raccomanda pertanto di conservare una quantit\u00e0 sufficiente di valuta locale per far fronte a tali spese.<\/p>\n<h3>RESPONSABILIT\u00c0 PERSONALI<\/h3>\n<p>\u00c8 vostra responsabilit\u00e0 arrivare in tempo per i voli, le crociere e tutte le prenotazioni e riconfermare gli accordi (se necessario), oltre a soddisfare tutti i requisiti governativi locali per il viaggio.<\/p>\n<p>Dovete comportarvi in modo ragionevole e responsabile con le altre persone che incontrate durante il vostro viaggio.<\/p>\n<p>Ci riserviamo il diritto di annullare immediatamente l'organizzazione del viaggio in caso di comportamento indisciplinato nei confronti dei nostri fornitori o dei loro agenti. In questo caso, il cliente sar\u00e0 interamente responsabile delle spese di annullamento e dei costi di acquisto di un viaggio sostitutivo.<\/p>\n<h3>ASSICURAZIONE DI VIAGGIO<\/h3>\n<p>Si raccomanda vivamente di attivare un'adeguata copertura assicurativa di viaggio al momento della conferma della prenotazione. L'assicurazione di viaggio non \u00e8 inclusa nella prenotazione con The Lagoon ed \u00e8 responsabilit\u00e0 dell'utente assicurarsi di avere una copertura adeguata prima del viaggio.<\/p>\n<h3>REQUISITI PER PASSAPORTO E VISTO<\/h3>\n<p>Assicuratevi di essere a conoscenza di tutti i requisiti per il passaporto e il visto e di avere il tempo necessario per ottenerli. Si consiglia di viaggiare sempre con un passaporto con una validit\u00e0 minima di 6 mesi. Questo \u00e8 un requisito di immigrazione per molti Paesi e compagnie aeree. Si prega di verificare con il nostro servizio visti se non si dispone della validit\u00e0 consigliata durante il viaggio. Assicuratevi inoltre di avere un numero sufficiente di pagine bianche per consentire l'ottenimento di eventuali visti durante il viaggio. I passaporti devono essere a lettura ottica per i viaggi verso\/attraverso molti Paesi. Se intendete visitare o transitare in altri Paesi, assicuratevi di essere a conoscenza di tutti i requisiti relativi a visti e passaporti. Se il passaporto ha raggiunto l'ultimo anno di vita, \u00e8 necessario informarsi presso l'Ambasciata o il Paese che si sta visitando. Per ulteriori informazioni visitare <a href=\"https:\/\/www.esteri.it\/it\/servizi-consolari-e-visti\/italiani-all-estero\/documenti_di_viaggio\/\">Documenti Di Viaggio Ministero Degli Esteri<\/a>.<\/p>\n<h3>CONSIGLIO DEL MINISTERO DEGLI ESTERI<\/h3>\n<p>\u00c8 vostra responsabilit\u00e0 informarvi sui consigli del Ministero Degli Esteri e Della Cooperazione Internazionale in merito alla sicurezza dei Paesi e delle aree in cui viaggerete e prendere le vostre decisioni di conseguenza. Per i consigli di viaggio pi\u00f9 aggiornati, compresi quelli sulla sicurezza e sulle leggi e i costumi locali, si consiglia di visitare il https:\/\/www.esteri.it\/. Si consiglia di controllare regolarmente perch\u00e9 i consigli vengono aggiornati frequentemente.<\/p>\n<h3>CONDIZIONI MEDICHE, REQUISITI DI MOBILIT\u00c0 E DISABILIT\u00c0 E<br \/>\nLA VOSTRA CAPACIT\u00c0 DI PARTECIPARE<\/h3>\n<p>Se un membro del vostro gruppo ha una condizione personale o medica o una disabilit\u00e0 che potrebbe influenzare la vostra prenotazione, siete pregati di comunicarlo prima di effettuare la prenotazione, in modo che possiamo cercare di confermare l'idoneit\u00e0 dell'organizzazione scelta.<\/p>\n<h3>REQUISITI SANITARI<\/h3>\n<p>Le strutture sanitarie, l'igiene e i rischi di malattie variano in tutto il mondo, per cui \u00e8 necessario ottenere una consulenza sanitaria sulle proprie esigenze specifiche il prima possibile. \u00c8 vostra responsabilit\u00e0 assicurarvi di aver soddisfatto tutti i requisiti sanitari e di immunizzazione dei Paesi che visiterete. Per informazioni consultare il sito\u00a0<a href=\"https:\/\/www.viaggiaresicuri.it\/approfondimenti-insights\/saluteinviaggio\">Viaggiare Sicuri - salute in viaggio<\/a>.<\/p>\n<h3>CAMERE<\/h3>\n<p>I prezzi indicati sul nostro sito web sono generalmente basati sulla categoria di camera\/stanza pi\u00f9 bassa per ciascuna delle propriet\u00e0 che presentiamo, a meno che non sia specificato diversamente nel prezzo.<\/p>\n<h3>USO DELLA CAMERA<\/h3>\n<p>I prezzi indicati sul nostro sito web si riferiscono a camere doppie\/matrimoniali. La configurazione pu\u00f2 essere uno o due letti matrimoniali o, nel caso di una camera doppia, generalmente un letto matrimoniale e un letto a scomparsa o due letti singoli. I prezzi indicati per i bambini si riferiscono al fatto che i bambini condividono la camera degli adulti nei letti esistenti o possono comportare l'uso di un letto aggiuntivo a scomparsa o di un divano letto, se non diversamente specificato. Nel caso in cui sia consentito a 3 o 4 adulti di condividere una camera, i prezzi sono disponibili su richiesta, ma si basano sull'utilizzo del letto esistente.<\/p>\n<h3>RICHIESTE SPECIALI<\/h3>\n<p>Se avete una richiesta specifica, vi preghiamo di comunicarcela al momento della prenotazione. Provvederemo a inoltrare la richiesta al committente, ma si prega di notare che tali richieste non possono essere garantite e sono soggette a disponibilit\u00e0 al momento del check-in. Il fatto che una richiesta speciale sia stata annotata sull'itinerario di conferma o su qualsiasi altra documentazione o che sia stata trasmessa al fornitore non \u00e8 una conferma che la richiesta sar\u00e0 soddisfatta. Il mancato soddisfacimento di una richiesta speciale non costituir\u00e0 una violazione del contratto da parte nostra, a meno che la richiesta non sia stata specificamente confermata da noi. Non accettiamo prenotazioni subordinate al soddisfacimento di richieste particolari.<\/p>\n<h3>CHECK-IN E CHECK-OUT DELL'HOTEL<\/h3>\n<p>Gli orari di check-in\/out delle camere variano da struttura a struttura e si consiglia di verificare gli orari esatti con il proprio consulente. Di solito le camere non saranno disponibili prima di met\u00e0 pomeriggio (ore 15:00) e vi sar\u00e0 richiesto di liberare la camera a partire da met\u00e0 mattina (ore 11:00-12:00).<\/p>\n<h3>PAGAMENTO<\/h3>\n<p>Se avete effettuato un pagamento anticipato, dovete pagare l'intero saldo entro la data di scadenza del saldo che vi \u00e8 stata comunicata. Se il pagamento completo non viene ricevuto entro la data di scadenza del saldo, possiamo cancellare la prenotazione e addebitare al cliente una tassa di cancellazione.<\/p>\n<h3>MODIFICHE E CANCELLAZIONI<\/h3>\n<p>Polizza di prenotazione non rimborsabile<\/p>\n<p>Nel caso in cui dobbiate cancellare il vostro soggiorno, dovrete comunicarcelo per iscritto almeno 24 ore prima della data di check-in all'indirizzo info@lagoonresort.com. Vi verr\u00e0 offerta la possibilit\u00e0 di riprogrammare il soggiorno in una data successiva al costo di 30 euro a persona. In caso di notifica dopo 24 ore prima del check-in o in caso di \"no show\", verr\u00e0 addebitato l'intero importo. In tali circostanze non vi sar\u00e0 offerta l'opzione di riprogrammazione.<\/p>\n<p>Polizza di cancellazione flessibile<\/p>\n<p>Nel caso in cui dobbiate cancellare il vostro soggiorno, dovrete comunicarcelo per iscritto almeno 24 ore prima della data di check-in, all'indirizzo info@lagoonresort.com. Vi verr\u00e0 offerto un rimborso completo o la possibilit\u00e0 di riprogrammare il vostro soggiorno senza alcun costo aggiuntivo. In caso di disdetta dopo le 24 ore prima del check-in, o in caso di \"no show\", verr\u00e0 addebitato l'intero importo. In tali circostanze non vi sar\u00e0 offerta la possibilit\u00e0 di riprogrammare il soggiorno o di ottenere un rimborso.<\/p>\n<h3>RECLAMI<\/h3>\n<p>Sebbene ci impegniamo al massimo per garantire che la vostra vacanza si svolga senza intoppi, pu\u00f2 capitare che le cose non vadano come previsto. The Lagoon non si riterr\u00e0 responsabile per la mancata esecuzione di un itinerario per cause al di fuori del proprio controllo o nel caso in cui non venga avvisata di un problema nel momento in cui \u00e8 possibile intraprendere un'azione correttiva.<\/p>\n<p>(a) In caso di reclamo o problema, \u00e8 necessario informare immediatamente il rappresentante locale del direttore, in modo che abbia l'opportunit\u00e0 di risolvere il problema.<\/p>\n<p>(b) Se il reclamo o il problema non \u00e8 stato risolto in modo del tutto soddisfacente, si prega di telefonare o inviare un'e-mail a shazia@lagoonresort.com in modo da avere l'opportunit\u00e0 di aiutarvi a prendere contatto con il Preside.<\/p>\n<p>(c) Se non seguite una di queste procedure, il vostro diritto al risarcimento potrebbe essere compromesso, in quanto il Committente sar\u00e0 stato privato dell'opportunit\u00e0 di correggere il problema.<\/p>\n<p>(d) Se al vostro ritorno in Italia avete ancora motivi di reclamo, dovete scrivere al Direttore entro 28 giorni, indicando il numero di riferimento della vostra prenotazione e descrivendo per esteso il motivo del vostro reclamo o della vostra insoddisfazione.<\/p>\n<h3>DICHIARAZIONE GDPR<\/h3>\n<p>The Lagoon resort prende molto sul serio la raccolta, l'elaborazione e la gestione dei dati dei clienti. L'azienda si impegna a essere pienamente conforme al GDPR e rivede regolarmente le proprie politiche di gestione dei dati. Abbiamo adottato misure per proteggere le informazioni personali relative alle prenotazioni in nostro possesso e trasmesse ai fornitori competenti per l'organizzazione del viaggio. Questi possono includere autorit\u00e0 pubbliche come dogana e immigrazione, servizi di sicurezza o carte di credito. Se viaggiate al di fuori dello Spazio Economico Europeo (SEE), i controlli sulla protezione dei dati potrebbero non essere cos\u00ec forti come quelli all'interno del SEE. A meno che non sia richiesto dalla legge, trasmetteremo le vostre informazioni solo alle persone responsabili dell'organizzazione del viaggio, che possono includere informazioni sensibili come dettagli su disabilit\u00e0, esigenze dietetiche o religiose. Effettuando una prenotazione, l'utente acconsente alla trasmissione delle informazioni pertinenti come sopra indicato.<\/p>\n<p>In caso di ulteriori domande o dubbi, \u00e8 possibile contattare il nostro responsabile della protezione dei dati, i cui dati sono riportati di seguito:<\/p>\n<p><strong>info@lagoonresort.com<\/strong>[\/et_pb_text][\/et_pb_column][et_pb_column type=\"1_2\u2033 _builder_version=\"4.25.1\u2033 _module_preset=\"default\" custom_css_main_element=\"margin: auto;\" pac_dcm_carousel_specific_module_num=\"0\u2033 global_colors_info=\"{}\"][\/et_pb_column][\/et_pb_row][\/et_pb_section]<\/p>","protected":false},"excerpt":{"rendered":"<p>TERMINI DI PRENOTAZIONE I VANTAGGI DI PRENOTARE IL SUO SOGGIORNO AL LAGOON 15% Sconto sulla prenotazione Trasferimenti aeroportuali gratuiti Fino a 10% di sconto sul pacchetto VIP The Lagoon OFFERTA WEB - Termini e condizioni 15% Sconto sulla prenotazione: Lo sconto 15% si applica solo alle prenotazioni effettuate entro la fine di settembre 2025 Trasferimenti aeroportuali gratuiti: Alla conferma [...]<\/p>","protected":false},"author":7,"featured_media":0,"parent":0,"menu_order":0,"comment_status":"closed","ping_status":"closed","template":"","meta":{"_et_pb_use_builder":"on","_et_pb_old_content":"","_et_gb_content_width":"","content-type":"","footnotes":""},"class_list":["post-335","page","type-page","status-publish","hentry"],"yoast_head":"<!-- This site is optimized with the Yoast SEO plugin v23.6 - https:\/\/yoast.com\/wordpress\/plugins\/seo\/ -->\n<title>Booking Conditions | The Lagoon<\/title>\n<meta name=\"description\" content=\"Learn about our booking conditions for your Cape Verde getaway. Plan with confidence &amp; secure your dream holiday with The Lagoon.\" \/>\n<meta name=\"robots\" content=\"noindex, follow, max-snippet:-1, max-image-preview:large, max-video-preview:-1\" \/>\n<meta property=\"og:locale\" content=\"it_IT\" \/>\n<meta property=\"og:type\" content=\"article\" \/>\n<meta property=\"og:title\" content=\"Booking Conditions | The Lagoon\" \/>\n<meta property=\"og:description\" content=\"Learn about our booking conditions for your Cape Verde getaway. Plan with confidence &amp; secure your dream holiday with The Lagoon.\" \/>\n<meta property=\"og:url\" content=\"https:\/\/lagoonresort.blimeystage.co.uk\/it\/condizioni-di-prenotazione\/\" \/>\n<meta property=\"og:site_name\" content=\"The Lagoon\" \/>\n<meta property=\"article:modified_time\" content=\"2025-07-15T13:32:13+00:00\" \/>\n<meta name=\"twitter:card\" content=\"summary_large_image\" \/>\n<meta name=\"twitter:label1\" content=\"Tempo di lettura stimato\" \/>\n\t<meta name=\"twitter:data1\" content=\"9 minuti\" \/>\n<script type=\"application\/ld+json\" class=\"yoast-schema-graph\">{\"@context\":\"https:\/\/schema.org\",\"@graph\":[{\"@type\":\"WebPage\",\"@id\":\"https:\/\/lagoonresort.blimeystage.co.uk\/booking-conditions\/\",\"url\":\"https:\/\/lagoonresort.blimeystage.co.uk\/booking-conditions\/\",\"name\":\"Booking Conditions | The Lagoon\",\"isPartOf\":{\"@id\":\"https:\/\/lagoonresort.blimeystage.co.uk\/#website\"},\"datePublished\":\"2024-05-22T13:53:37+00:00\",\"dateModified\":\"2025-07-15T13:32:13+00:00\",\"description\":\"Learn about our booking conditions for your Cape Verde getaway. Plan with confidence & secure your dream holiday with The Lagoon.\",\"breadcrumb\":{\"@id\":\"https:\/\/lagoonresort.blimeystage.co.uk\/booking-conditions\/#breadcrumb\"},\"inLanguage\":\"it-IT\",\"potentialAction\":[{\"@type\":\"ReadAction\",\"target\":[\"https:\/\/lagoonresort.blimeystage.co.uk\/booking-conditions\/\"]}]},{\"@type\":\"BreadcrumbList\",\"@id\":\"https:\/\/lagoonresort.blimeystage.co.uk\/booking-conditions\/#breadcrumb\",\"itemListElement\":[{\"@type\":\"ListItem\",\"position\":1,\"name\":\"Home\",\"item\":\"https:\/\/lagoonresort.blimeystage.co.uk\/\"},{\"@type\":\"ListItem\",\"position\":2,\"name\":\"Booking Conditions\"}]},{\"@type\":\"WebSite\",\"@id\":\"https:\/\/lagoonresort.blimeystage.co.uk\/#website\",\"url\":\"https:\/\/lagoonresort.blimeystage.co.uk\/\",\"name\":\"The Lagoon\",\"description\":\"Luxury Beach Front Hotels &amp; Spas\",\"publisher\":{\"@id\":\"https:\/\/lagoonresort.blimeystage.co.uk\/#organization\"},\"potentialAction\":[{\"@type\":\"SearchAction\",\"target\":{\"@type\":\"EntryPoint\",\"urlTemplate\":\"https:\/\/lagoonresort.blimeystage.co.uk\/?s={search_term_string}\"},\"query-input\":{\"@type\":\"PropertyValueSpecification\",\"valueRequired\":true,\"valueName\":\"search_term_string\"}}],\"inLanguage\":\"it-IT\"},{\"@type\":\"Organization\",\"@id\":\"https:\/\/lagoonresort.blimeystage.co.uk\/#organization\",\"name\":\"The Lagoon\",\"url\":\"https:\/\/lagoonresort.blimeystage.co.uk\/\",\"logo\":{\"@type\":\"ImageObject\",\"inLanguage\":\"it-IT\",\"@id\":\"https:\/\/lagoonresort.blimeystage.co.uk\/#\/schema\/logo\/image\/\",\"url\":\"https:\/\/lagoonresort.blimeystage.co.uk\/wp-content\/uploads\/dunasresortpageheader-bannerimage-1445x867px.webp\",\"contentUrl\":\"https:\/\/lagoonresort.blimeystage.co.uk\/wp-content\/uploads\/dunasresortpageheader-bannerimage-1445x867px.webp\",\"width\":1445,\"height\":867,\"caption\":\"The Lagoon\"},\"image\":{\"@id\":\"https:\/\/lagoonresort.blimeystage.co.uk\/#\/schema\/logo\/image\/\"}}]}<\/script>\n<!-- \/ Yoast SEO plugin. -->","yoast_head_json":{"title":"Booking Conditions | The Lagoon","description":"Learn about our booking conditions for your Cape Verde getaway. Plan with confidence & secure your dream holiday with The Lagoon.","robots":{"index":"noindex","follow":"follow","max-snippet":"max-snippet:-1","max-image-preview":"max-image-preview:large","max-video-preview":"max-video-preview:-1"},"og_locale":"it_IT","og_type":"article","og_title":"Booking Conditions | The Lagoon","og_description":"Learn about our booking conditions for your Cape Verde getaway. Plan with confidence & secure your dream holiday with The Lagoon.","og_url":"https:\/\/lagoonresort.blimeystage.co.uk\/it\/condizioni-di-prenotazione\/","og_site_name":"The Lagoon","article_modified_time":"2025-07-15T13:32:13+00:00","twitter_card":"summary_large_image","twitter_misc":{"Tempo di lettura stimato":"9 minuti"},"schema":{"@context":"https:\/\/schema.org","@graph":[{"@type":"WebPage","@id":"https:\/\/lagoonresort.blimeystage.co.uk\/booking-conditions\/","url":"https:\/\/lagoonresort.blimeystage.co.uk\/booking-conditions\/","name":"Booking Conditions | The Lagoon","isPartOf":{"@id":"https:\/\/lagoonresort.blimeystage.co.uk\/#website"},"datePublished":"2024-05-22T13:53:37+00:00","dateModified":"2025-07-15T13:32:13+00:00","description":"Learn about our booking conditions for your Cape Verde getaway. Plan with confidence & secure your dream holiday with The Lagoon.","breadcrumb":{"@id":"https:\/\/lagoonresort.blimeystage.co.uk\/booking-conditions\/#breadcrumb"},"inLanguage":"it-IT","potentialAction":[{"@type":"ReadAction","target":["https:\/\/lagoonresort.blimeystage.co.uk\/booking-conditions\/"]}]},{"@type":"BreadcrumbList","@id":"https:\/\/lagoonresort.blimeystage.co.uk\/booking-conditions\/#breadcrumb","itemListElement":[{"@type":"ListItem","position":1,"name":"Home","item":"https:\/\/lagoonresort.blimeystage.co.uk\/"},{"@type":"ListItem","position":2,"name":"Booking Conditions"}]},{"@type":"WebSite","@id":"https:\/\/lagoonresort.blimeystage.co.uk\/#website","url":"https:\/\/lagoonresort.blimeystage.co.uk\/","name":"The Lagoon","description":"Luxury Beach Front Hotels &amp; Spas","publisher":{"@id":"https:\/\/lagoonresort.blimeystage.co.uk\/#organization"},"potentialAction":[{"@type":"SearchAction","target":{"@type":"EntryPoint","urlTemplate":"https:\/\/lagoonresort.blimeystage.co.uk\/?s={search_term_string}"},"query-input":{"@type":"PropertyValueSpecification","valueRequired":true,"valueName":"search_term_string"}}],"inLanguage":"it-IT"},{"@type":"Organization","@id":"https:\/\/lagoonresort.blimeystage.co.uk\/#organization","name":"The Lagoon","url":"https:\/\/lagoonresort.blimeystage.co.uk\/","logo":{"@type":"ImageObject","inLanguage":"it-IT","@id":"https:\/\/lagoonresort.blimeystage.co.uk\/#\/schema\/logo\/image\/","url":"https:\/\/lagoonresort.blimeystage.co.uk\/wp-content\/uploads\/dunasresortpageheader-bannerimage-1445x867px.webp","contentUrl":"https:\/\/lagoonresort.blimeystage.co.uk\/wp-content\/uploads\/dunasresortpageheader-bannerimage-1445x867px.webp","width":1445,"height":867,"caption":"The Lagoon"},"image":{"@id":"https:\/\/lagoonresort.blimeystage.co.uk\/#\/schema\/logo\/image\/"}}]}},"_links":{"self":[{"href":"https:\/\/lagoonresort.blimeystage.co.uk\/it\/wp-json\/wp\/v2\/pages\/335"}],"collection":[{"href":"https:\/\/lagoonresort.blimeystage.co.uk\/it\/wp-json\/wp\/v2\/pages"}],"about":[{"href":"https:\/\/lagoonresort.blimeystage.co.uk\/it\/wp-json\/wp\/v2\/types\/page"}],"author":[{"embeddable":true,"href":"https:\/\/lagoonresort.blimeystage.co.uk\/it\/wp-json\/wp\/v2\/users\/7"}],"replies":[{"embeddable":true,"href":"https:\/\/lagoonresort.blimeystage.co.uk\/it\/wp-json\/wp\/v2\/comments?post=335"}],"version-history":[{"count":23,"href":"https:\/\/lagoonresort.blimeystage.co.uk\/it\/wp-json\/wp\/v2\/pages\/335\/revisions"}],"predecessor-version":[{"id":254402,"href":"https:\/\/lagoonresort.blimeystage.co.uk\/it\/wp-json\/wp\/v2\/pages\/335\/revisions\/254402"}],"wp:attachment":[{"href":"https:\/\/lagoonresort.blimeystage.co.uk\/it\/wp-json\/wp\/v2\/media?parent=335"}],"curies":[{"name":"wp","href":"https:\/\/api.w.org\/{rel}","templated":true}]}}