{"id":250328,"date":"2024-06-24T14:29:55","date_gmt":"2024-06-24T14:29:55","guid":{"rendered":"https:\/\/lagoonresort.blimeystage.co.uk\/?page_id=250328"},"modified":"2025-02-17T11:20:58","modified_gmt":"2025-02-17T11:20:58","slug":"sal-island","status":"publish","type":"page","link":"https:\/\/lagoonresort.blimeystage.co.uk\/pt\/ilha-do-sal\/","title":{"rendered":"Ilha do Sal"},"content":{"rendered":"[et_pb_section fb_built=\"1\u2033 fullwidth=\"on\" _builder_version=\"4.25.1\u2033 _module_preset=\"default\" custom_padding=\"||||false|false\" global_colors_info=\"{}\"][et_pb_fullwidth_header title=\"Ilha SAL\" button_one_url=\"\/\" _builder_version=\"4.25.1\u2033 _module_preset=\"default\" title_font=\"|-et_global_heading_font_weight||on|||||\" title_text_align=\"center\" title_font_size=\"60px\" content_font=\"|-et_global_body_font_weight|||||||\" content_text_align=\"center\" subhead_text_align=\"center\" subhead_font_size=\"26px\" background_image=\"https:\/\/lagoonresort.blimeystage.co.uk\/wp-content\/uploads\/salislandpageheader-bannerimage-1445x867px.webp\" background_enable_video_mp4=\"off\" custom_padding=\"||45vw||false|false\" content_text_shadow_style=\"preset1\u2033 text_shadow_style=\"preset1\u2033 global_colors_info=\"{}\"][\/et_pb_fullwidth_header][\/et_pb_section][et_pb_section fb_built=\"1\u2033 custom_padding_last_edited=\"on|phone\" _builder_version=\"4.25.1\u2033 _module_preset=\"default\" custom_padding_tablet=\"\" custom_padding_phone=\"10px||10px||true|false\" locked=\"off\" global_colors_info=\"{}\"][et_pb_row _builder_version=\"4.25.1\u2033 _module_preset=\"default\" width=\"60%\" width_tablet=\"65%\" width_phone=\"90%\" width_last_edited=\"on|phone\" max_width=\"60%\" max_width_tablet=\"65%\" max_width_phone=\"90%\" max_width_last_edited=\"on|phone\" module_alignment=\"center\" global_colors_info=\"{}\"][et_pb_column type=\"4_4\u2033 _builder_version=\"4.25.1\u2033 _module_preset=\"default\" pac_dcm_carousel_specific_module_num=\"0\u2033 global_colors_info=\"{}\"][et_pb_text _builder_version=\"4.25.1\u2033 _module_preset=\"default\" header_font=\"|||on|||||\" header_font_size=\"50px\" header_2_font=\"|||on|||||\" header_2_font_size=\"34px\" text_orientation=\"center\" header_2_font_size_tablet=\"\" header_2_font_size_phone=\"\" header_2_font_size_last_edited=\"on|desktop\" global_colors_info=\"{}\"]<h2>N\u00e3o h\u00e1 outro lugar no mundo como a ilha do Sal<\/h2>\n<p>A ilha do Sal est\u00e1 situada na costa c\u00e1lida da \u00c1frica ocidental e pertence ao arquip\u00e9lago de Cabo Verde. Este arquip\u00e9lago, ainda pouco conhecido \u2015 com as suas infinitas praias de areia branca e mais de 350 dias de sol por ano \u2015, \u00e9 um verdadeiro caldeir\u00e3o cultural, onde se misturam influ\u00eancias portuguesas, africanas e brasileiras, vis\u00edveis na m\u00fasica, na moda e na gastronomia da ilha.<\/p>\n<p>Desfrute de dias tranquilos ao sol ou divirta-se com desportos aqu\u00e1ticos. Para praticantes de snorkeling e mergulhadores, a ilha oferece uma riqueza de peixes tropicais, tartarugas Caretta e golfinhos. A miragem de Terra Boa ir\u00e1 surpreender a todos, desde crian\u00e7as a adultos, com a ilus\u00e3o de um lago sereno surgindo do nada. Mergulhe na cratera de um vulc\u00e3o extinto e experimente as propriedades terap\u00eauticas das \u00e1guas salgadas de Pedra de Lume. Onde quer que v\u00e1, ir\u00e1 encontrar o acolhimento das pessoas mais simp\u00e1ticas e poder\u00e1 saborear comida fresca e deliciosa. Al\u00e9m disso, poder\u00e1 desfrutar de deslumbrantes praias de areia. N\u00e3o \u00e9 \u00e0 toa que \"Sem Stress\" \u00e9 o lema da ilha.<\/p>[\/et_pb_text][\/et_pb_column][\/et_pb_row][\/et_pb_section][et_pb_section fb_built=\"1\u2033 fullwidth=\"on\" _builder_version=\"4.25.1\u2033 _module_preset=\"default\" global_colors_info=\"{}\"][et_pb_fullwidth_code _builder_version=\"4.25.1\u2033 _module_preset=\"default\" global_colors_info=\"{}\"]<div id=\"metaslider-id-250410\" style=\"width: 100%; margin: 0 auto;\" class=\"ml-slider-3-92-0 metaslider metaslider-flex metaslider-250410 ml-slider ms-theme-bubble nav-hidden\" role=\"region\" aria-roledescription=\"Slideshow\" aria-label=\"Slides da ilha SAL\">\n    <div id=\"metaslider_container_250410\">\n        <div id=\"metaslider_250410\">\n            <ul class='slides'>\n                <li style=\"display: block; width: 100%;\" class=\"slide-250411 ms-image\" aria-roledescription=\"slide\" aria-label=\"slide-250411\"><img loading=\"lazy\" decoding=\"async\" src=\"https:\/\/lagoonresort.blimeystage.co.uk\/wp-content\/uploads\/salislandresortpage-galleryslide1-1400x600px.webp\" height=\"600\" width=\"1400\" alt=\"Uma pessoa a fazer surf em Cabo Verde\" class=\"slider-250410 slide-250411\" title=\"salislandresortpage-galleryslide1-1400x600px\" \/><\/li>\n                <li style=\"display: none; width: 100%;\" class=\"slide-250412 ms-image\" aria-roledescription=\"slide\" aria-label=\"slide-250412\"><img loading=\"lazy\" decoding=\"async\" src=\"https:\/\/lagoonresort.blimeystage.co.uk\/wp-content\/uploads\/salislandresortpage-galleryslide2-1400x600px.webp\" height=\"600\" width=\"1400\" alt=\"Pessoas a fazer uma fogueira na praia\" class=\"slider-250410 slide-250412\" title=\"salislandresortpage-galleryslide2-1400x600px\" \/><\/li>\n                <li style=\"display: none; width: 100%;\" class=\"slide-250413 ms-image\" aria-roledescription=\"slide\" aria-label=\"slide-250413\"><img loading=\"lazy\" decoding=\"async\" src=\"https:\/\/lagoonresort.blimeystage.co.uk\/wp-content\/uploads\/salislandresortpage-galleryslide3-1400x600px.webp\" height=\"600\" width=\"1400\" alt=\"Pessoas a levar peixe acabado de pescar para a costa\" class=\"slider-250410 slide-250413\" title=\"salislandresortpage-galleryslide3-1400x600px\" \/><\/li>\n                <li style=\"display: none; width: 100%;\" class=\"slide-250867 ms-image\" aria-roledescription=\"slide\" aria-label=\"slide-250867\"><img loading=\"lazy\" decoding=\"async\" src=\"https:\/\/lagoonresort.blimeystage.co.uk\/wp-content\/uploads\/salislandresortpage-galleryslide4-1400x600px.webp\" height=\"600\" width=\"1400\" alt=\"Um casal na praia em Cabo Verde\" class=\"slider-250410 slide-250867\" title=\"salislandresortpage-galleryslide4-1400x600px\" \/><\/li>\n                <li style=\"display: none; width: 100%;\" class=\"slide-250870 ms-image\" aria-roledescription=\"slide\" aria-label=\"slide-250870\"><img loading=\"lazy\" decoding=\"async\" src=\"https:\/\/lagoonresort.blimeystage.co.uk\/wp-content\/uploads\/salislandresortpage-galleryslide5-1400x600px.webp\" height=\"600\" width=\"1400\" alt=\"Mar azul em Cabo Verde\" class=\"slider-250410 slide-250870\" title=\"salislandresortpage-galleryslide5-1400x600px\" \/><\/li>\n                <li style=\"display: none; width: 100%;\" class=\"slide-250872 ms-image\" aria-roledescription=\"slide\" aria-label=\"slide-250872\"><img loading=\"lazy\" decoding=\"async\" src=\"https:\/\/lagoonresort.blimeystage.co.uk\/wp-content\/uploads\/salislandresortpage-galleryslide6-1400x600px.webp\" height=\"600\" width=\"1400\" alt=\"Pessoas a mergulhar no mar na Ilha do Sal, Cabo Verde\" class=\"slider-250410 slide-250872\" title=\"salislandresortpage-galleryslide6-1400x600px\" \/><\/li>\n                <li style=\"display: none; width: 100%;\" class=\"slide-250873 ms-image\" aria-roledescription=\"slide\" aria-label=\"slide-250873\"><img loading=\"lazy\" decoding=\"async\" src=\"https:\/\/lagoonresort.blimeystage.co.uk\/wp-content\/uploads\/salislandresortpage-galleryslide7-1400x600px.webp\" height=\"600\" width=\"1400\" alt=\"Uma pessoa a fotografar a ilha do Sal em Cabo Verde\" class=\"slider-250410 slide-250873\" title=\"salislandresortpage-galleryslide7-1400x600px\" \/><\/li>\n            <\/ul>\n        <\/div>\n        \n    <\/div>\n<\/div>[\/et_pb_fullwidth_code][\/et_pb_section][et_pb_section fb_built=\"1\u2033 _builder_version=\"4.25.1\u2033 _module_preset=\"default\" global_colors_info=\"{}\"][et_pb_row column_structure=\"1_2,1_2\u2033 make_equal=\"on\" _builder_version=\"4.25.1\u2033 _module_preset=\"default\" global_colors_info=\"{}\"][et_pb_column type=\"1_2\u2033 _builder_version=\"4.25.1\u2033 _module_preset=\"default\" custom_css_main_element=\"margin: auto;\" pac_dcm_carousel_specific_module_num=\"0\u2033 global_colors_info=\"{}\"][et_pb_text _builder_version=\"4.25.1\u2033 _module_preset=\"default\" header_font_size=\"36px\" header_2_font=\"|||on|||||\" header_2_font_size=\"34px\" custom_padding=\"50px|20%|||15%|false|false\" custom_padding_tablet=\"|0px|30px|0px|false|true\" custom_padding_phone=\"|0px|30px|0px|false|true\" custom_padding_last_edited=\"on|tablet\" locked=\"off\" global_colors_info=\"{}\"]<h2>Santa Maria<\/h2>\n<p>A encantadora cidade de Santa Maria fica no extremo sul da Ilha do Sal. A cidade \u00e9 conhecida pelas suas longas e largas praias e \u00e9 adornada com edif\u00edcios de cores pastel. A antiga Casa de Pesagem do porto relembra a hist\u00f3ria do com\u00e9rcio de sal do Sal, enquanto as \u00e1guas cristalinas abrigam raias e tartarugas marinhas. Situada nas proximidades, a Kite Beach \u00e9 um destino procurado para praticar kitesurf.<\/p>[\/et_pb_text][\/et_pb_column][et_pb_column type=&#8221;1_2&#8243; _builder_version=&#8221;4.25.1&#8243; _module_preset=&#8221;default&#8221; custom_css_main_element=&#8221;margin: auto;&#8221; pac_dcm_carousel_specific_module_num=&#8221;0&#8243; global_colors_info=&#8221;{}&#8221;][et_pb_image src=&#8221;https:\/\/lagoonresort.blimeystage.co.uk\/wp-content\/uploads\/salislandresortpage-largerportraitimage1-900x1100px.webp&#8221; alt=&#8221;Sunset Party&#8221; title_text=&#8221;salislandresortpage-largerportraitimage1-900x1100px&#8221; _builder_version=&#8221;4.25.1&#8243; _module_preset=&#8221;default&#8221; custom_margin_tablet=&#8221;0px||||false|false&#8221; custom_margin_phone=&#8221;0px||||false|false&#8221; custom_margin_last_edited=&#8221;on|tablet&#8221; global_colors_info=&#8221;{}&#8221;][\/et_pb_image][\/et_pb_column][\/et_pb_row][\/et_pb_section][et_pb_section fb_built=&#8221;1&#8243; _builder_version=&#8221;4.25.1&#8243; _module_preset=&#8221;default&#8221; background_color=&#8221;gcid-0bbebaa2-3955-4e24-b448-5e065689a284&#8243; global_colors_info=&#8221;{%22gcid-0bbebaa2-3955-4e24-b448-5e065689a284%22:%91%22background_color%22%93}&#8221;][et_pb_row column_structure=&#8221;1_2,1_2&#8243; make_equal=&#8221;on&#8221; _builder_version=&#8221;4.25.1&#8243; _module_preset=&#8221;default&#8221; global_colors_info=&#8221;{}&#8221;][et_pb_column type=&#8221;1_2&#8243; _builder_version=&#8221;4.25.1&#8243; _module_preset=&#8221;default&#8221; pac_dcm_carousel_specific_module_num=&#8221;0&#8243; global_colors_info=&#8221;{}&#8221;][et_pb_image src=&#8221;https:\/\/lagoonresort.blimeystage.co.uk\/wp-content\/uploads\/salislandresortpage-mediumlandscape1-900x600px.webp&#8221; alt=&#8221;dunas amphitheater&#8221; title_text=&#8221;salislandresortpage-mediumlandscape1-900x600px&#8221; _builder_version=&#8221;4.25.1&#8243; _module_preset=&#8221;default&#8221; global_colors_info=&#8221;{}&#8221;][\/et_pb_image][\/et_pb_column][et_pb_column type=&#8221;1_2&#8243; _builder_version=&#8221;4.25.1&#8243; _module_preset=&#8221;default&#8221; custom_css_main_element=&#8221;margin: auto;&#8221; pac_dcm_carousel_specific_module_num=&#8221;0&#8243; global_colors_info=&#8221;{}&#8221;][et_pb_text _builder_version=&#8221;4.25.1&#8243; _module_preset=&#8221;default&#8221; header_font_size=&#8221;36px&#8221; header_2_font=&#8221;|||on|||||&#8221; header_2_font_size=&#8221;34px&#8221; custom_padding=&#8221;50px|20%||15%|false|false&#8221; custom_padding_tablet=&#8221;|0px|30px|0px|false|true&#8221; custom_padding_phone=&#8221;|0px|30px|0px|false|true&#8221; custom_padding_last_edited=&#8221;on|tablet&#8221; hover_enabled=&#8221;0&#8243; locked=&#8221;off&#8221; global_colors_info=&#8221;{}&#8221; sticky_enabled=&#8221;0&#8243;]<h2>O Cais<\/h2>\n<p>Todos os dias no cais, \u00e9 poss\u00edvel vivenciar a cultura din\u00e2mica e a vida local. Os cabo-verdianos d\u00e3o um mergulho nas \u00e1guas cristalinas ao nascer do sol. \u00c9 um lugar onde as crian\u00e7as locais mergulham no oceano a partir do fim do cais, enquanto as suas risadas e respingos criam uma sinfonia de alegria.<\/p>\n<p>Contemple a chegada di\u00e1ria da pesca, trazida pelos pescadores locais, com os seus barcos repletos de marisco fresco. Experientes e marcados pela vida mar\u00edtima, os pescadores vendem o seu peixe fresco diretamente do barco, oferecendo um aut\u00eantico sabor de Cabo Verde.<\/p>\n<p>O ambiente animado \u00e9 complementado por diversas barracas de souvenirs. Nesse local, pode apreciar uma variedade colorida de pulseiras e lembran\u00e7as produzidas localmente, em que cada artigo \u00e9 uma lembran\u00e7a \u00fanica deste lugar encantador. As barracas s\u00e3o um convite aos sentidos, com cores alegres e o burburinho dos vendedores.<\/p>\n<p>Deixe-se encantar pelas vistas do oceano, pela energia do cais e fa\u00e7a da sua visita uma experi\u00eancia de f\u00e9rias \u00fanica.<\/p>[\/et_pb_text][\/et_pb_column][\/et_pb_row][\/et_pb_section][et_pb_section fb_built=\"1\u2033 _builder_version=\"4.25.1\u2033 _module_preset=\"default\" global_colors_info=\"{}\"][et_pb_row column_structure=\"1_2,1_2\u2033 make_equal=\"on\" _builder_version=\"4.25.1\u2033 _module_preset=\"default\" global_colors_info=\"{}\"][et_pb_column type=\"1_2\u2033 _builder_version=\"4.25.1\u2033 _module_preset=\"default\" custom_css_main_element=\"margin: auto;\" pac_dcm_carousel_specific_module_num=\"0\u2033 global_colors_info=\"{}\"][et_pb_text _builder_version=\"4.25.1\u2033 _module_preset=\"default\" header_font_size=\"36px\" header_2_font=\"|||on|||||\" header_2_font_size=\"34px\" custom_padding=\"50px|20%|||15%|false|false\" custom_padding_tablet=\"|0px|30px|0px|false|true\" custom_padding_phone=\"|0px|30px|0px|false|true\" custom_padding_last_edited=\"on|tablet\" locked=\"off\" global_colors_info=\"{}\"]<h2>Espargos<\/h2>\n<p>A cidade de Espargos \u00e9 a capital da ilha. As belas pra\u00e7as abertas, fachadas coloridas e ruas pedestres convidam os h\u00f3spedes a passear e descobrir.<\/p>\n<p>Visitar a ilha tropical do Sal \u00e9 simplesmente viver as f\u00e9rias da sua vida num pequeno para\u00edso.<\/p>[\/et_pb_text][\/et_pb_column][et_pb_column type=\"1_2\u2033 _builder_version=\"4.25.1\u2033 _module_preset=\"default\" custom_css_main_element=\"margin: auto;\" pac_dcm_carousel_specific_module_num=\"0\u2033 global_colors_info=\"{}\"][et_pb_image src=\"https:\/\/lagoonresort.blimeystage.co.uk\/wp-content\/uploads\/salislandresortpage-largerportraitimage2-900x1100px.webp\" alt=\"Sunset Party\" title_text=\"salislandresortpage-largerportraitimage2-900x1100px\" _builder_version=\"4.25.1\u2033 _module_preset=\"default\" custom_margin_tablet=\"0px||||false|false\" custom_margin_phone=\"0px||||false|false\" custom_margin_last_edited=\"on|tablet\" global_colors_info=\"{}\"][\/et_pb_image][\/et_pb_column][\/et_pb_row][\/et_pb_section]","protected":false},"excerpt":{"rendered":"<p>A ilha do Sal \u00e9 como nenhuma outra no mundo. Situada ao largo da quente costa ocidental africana, a ilha do Sal faz parte do grupo de ilhas de Cabo Verde. Este arquip\u00e9lago relativamente desconhecido, com as suas areias brancas e cintilantes sem fim e mais de 350 dias de sol por ano, \u00e9 uma mistura \u00fanica de culturas portuguesas, africanas e [...]<\/p>","protected":false},"author":7,"featured_media":250747,"parent":0,"menu_order":0,"comment_status":"closed","ping_status":"closed","template":"","meta":{"_et_pb_use_builder":"on","_et_pb_old_content":"<!-- wp:divi\/placeholder \/-->","_et_gb_content_width":"","content-type":"","footnotes":""},"class_list":["post-250328","page","type-page","status-publish","has-post-thumbnail","hentry"],"yoast_head":"<!-- This site is optimized with the Yoast SEO plugin v23.6 - https:\/\/yoast.com\/wordpress\/plugins\/seo\/ -->\n<title>Sal Island for Cape Verde Holidays | The Lagoon<\/title>\n<meta name=\"description\" content=\"Explore Sal Island\u2019s golden beaches, crystal-clear waters &amp; vibrant culture. Experience unforgettable Cape Verde with The Lagoon Resorts. Click today for more info.\" \/>\n<meta name=\"robots\" content=\"noindex, follow, max-snippet:-1, max-image-preview:large, max-video-preview:-1\" \/>\n<meta property=\"og:locale\" content=\"pt_PT\" \/>\n<meta property=\"og:type\" content=\"article\" \/>\n<meta property=\"og:title\" content=\"Sal Island for Cape Verde Holidays | The Lagoon\" \/>\n<meta property=\"og:description\" content=\"Explore Sal Island\u2019s golden beaches, crystal-clear waters &amp; vibrant culture. Experience unforgettable Cape Verde with The Lagoon Resorts. Click today for more info.\" \/>\n<meta property=\"og:url\" content=\"https:\/\/lagoonresort.blimeystage.co.uk\/pt\/ilha-do-sal\/\" \/>\n<meta property=\"og:site_name\" content=\"The Lagoon\" \/>\n<meta property=\"article:modified_time\" content=\"2025-02-17T11:20:58+00:00\" \/>\n<meta property=\"og:image\" content=\"https:\/\/lagoonresort.blimeystage.co.uk\/wp-content\/uploads\/salislandpageheader-bannerimage-1445x867px.webp\" \/>\n\t<meta property=\"og:image:width\" content=\"1445\" \/>\n\t<meta property=\"og:image:height\" content=\"867\" \/>\n\t<meta property=\"og:image:type\" content=\"image\/webp\" \/>\n<meta name=\"twitter:card\" content=\"summary_large_image\" \/>\n<meta name=\"twitter:label1\" content=\"Tempo estimado de leitura\" \/>\n\t<meta name=\"twitter:data1\" content=\"5 minutos\" \/>\n<script type=\"application\/ld+json\" class=\"yoast-schema-graph\">{\"@context\":\"https:\/\/schema.org\",\"@graph\":[{\"@type\":\"WebPage\",\"@id\":\"https:\/\/lagoonresort.blimeystage.co.uk\/sal-island\/\",\"url\":\"https:\/\/lagoonresort.blimeystage.co.uk\/sal-island\/\",\"name\":\"Sal Island for Cape Verde Holidays | The Lagoon\",\"isPartOf\":{\"@id\":\"https:\/\/lagoonresort.blimeystage.co.uk\/#website\"},\"primaryImageOfPage\":{\"@id\":\"https:\/\/lagoonresort.blimeystage.co.uk\/sal-island\/#primaryimage\"},\"image\":{\"@id\":\"https:\/\/lagoonresort.blimeystage.co.uk\/sal-island\/#primaryimage\"},\"thumbnailUrl\":\"https:\/\/lagoonresort.blimeystage.co.uk\/wp-content\/uploads\/salislandpageheader-bannerimage-1445x867px.webp\",\"datePublished\":\"2024-06-24T14:29:55+00:00\",\"dateModified\":\"2025-02-17T11:20:58+00:00\",\"description\":\"Explore Sal Island\u2019s golden beaches, crystal-clear waters & vibrant culture. Experience unforgettable Cape Verde with The Lagoon Resorts. Click today for more info.\",\"breadcrumb\":{\"@id\":\"https:\/\/lagoonresort.blimeystage.co.uk\/sal-island\/#breadcrumb\"},\"inLanguage\":\"pt-PT\",\"potentialAction\":[{\"@type\":\"ReadAction\",\"target\":[\"https:\/\/lagoonresort.blimeystage.co.uk\/sal-island\/\"]}]},{\"@type\":\"ImageObject\",\"inLanguage\":\"pt-PT\",\"@id\":\"https:\/\/lagoonresort.blimeystage.co.uk\/sal-island\/#primaryimage\",\"url\":\"https:\/\/lagoonresort.blimeystage.co.uk\/wp-content\/uploads\/salislandpageheader-bannerimage-1445x867px.webp\",\"contentUrl\":\"https:\/\/lagoonresort.blimeystage.co.uk\/wp-content\/uploads\/salislandpageheader-bannerimage-1445x867px.webp\",\"width\":1445,\"height\":867,\"caption\":\"Boats on the beach in Cape Verde\"},{\"@type\":\"BreadcrumbList\",\"@id\":\"https:\/\/lagoonresort.blimeystage.co.uk\/sal-island\/#breadcrumb\",\"itemListElement\":[{\"@type\":\"ListItem\",\"position\":1,\"name\":\"Home\",\"item\":\"https:\/\/lagoonresort.blimeystage.co.uk\/\"},{\"@type\":\"ListItem\",\"position\":2,\"name\":\"Sal Island\"}]},{\"@type\":\"WebSite\",\"@id\":\"https:\/\/lagoonresort.blimeystage.co.uk\/#website\",\"url\":\"https:\/\/lagoonresort.blimeystage.co.uk\/\",\"name\":\"The Lagoon\",\"description\":\"Luxury Beach Front Hotels &amp; Spas\",\"publisher\":{\"@id\":\"https:\/\/lagoonresort.blimeystage.co.uk\/#organization\"},\"potentialAction\":[{\"@type\":\"SearchAction\",\"target\":{\"@type\":\"EntryPoint\",\"urlTemplate\":\"https:\/\/lagoonresort.blimeystage.co.uk\/?s={search_term_string}\"},\"query-input\":{\"@type\":\"PropertyValueSpecification\",\"valueRequired\":true,\"valueName\":\"search_term_string\"}}],\"inLanguage\":\"pt-PT\"},{\"@type\":\"Organization\",\"@id\":\"https:\/\/lagoonresort.blimeystage.co.uk\/#organization\",\"name\":\"The Lagoon\",\"url\":\"https:\/\/lagoonresort.blimeystage.co.uk\/\",\"logo\":{\"@type\":\"ImageObject\",\"inLanguage\":\"pt-PT\",\"@id\":\"https:\/\/lagoonresort.blimeystage.co.uk\/#\/schema\/logo\/image\/\",\"url\":\"https:\/\/lagoonresort.blimeystage.co.uk\/wp-content\/uploads\/dunasresortpageheader-bannerimage-1445x867px.webp\",\"contentUrl\":\"https:\/\/lagoonresort.blimeystage.co.uk\/wp-content\/uploads\/dunasresortpageheader-bannerimage-1445x867px.webp\",\"width\":1445,\"height\":867,\"caption\":\"The Lagoon\"},\"image\":{\"@id\":\"https:\/\/lagoonresort.blimeystage.co.uk\/#\/schema\/logo\/image\/\"}}]}<\/script>\n<!-- \/ Yoast SEO plugin. -->","yoast_head_json":{"title":"Sal Island for Cape Verde Holidays | The Lagoon","description":"Explore Sal Island\u2019s golden beaches, crystal-clear waters & vibrant culture. Experience unforgettable Cape Verde with The Lagoon Resorts. Click today for more info.","robots":{"index":"noindex","follow":"follow","max-snippet":"max-snippet:-1","max-image-preview":"max-image-preview:large","max-video-preview":"max-video-preview:-1"},"og_locale":"pt_PT","og_type":"article","og_title":"Sal Island for Cape Verde Holidays | The Lagoon","og_description":"Explore Sal Island\u2019s golden beaches, crystal-clear waters & vibrant culture. Experience unforgettable Cape Verde with The Lagoon Resorts. Click today for more info.","og_url":"https:\/\/lagoonresort.blimeystage.co.uk\/pt\/ilha-do-sal\/","og_site_name":"The Lagoon","article_modified_time":"2025-02-17T11:20:58+00:00","og_image":[{"width":1445,"height":867,"url":"https:\/\/lagoonresort.blimeystage.co.uk\/wp-content\/uploads\/salislandpageheader-bannerimage-1445x867px.webp","type":"image\/webp"}],"twitter_card":"summary_large_image","twitter_misc":{"Tempo estimado de leitura":"5 minutos"},"schema":{"@context":"https:\/\/schema.org","@graph":[{"@type":"WebPage","@id":"https:\/\/lagoonresort.blimeystage.co.uk\/sal-island\/","url":"https:\/\/lagoonresort.blimeystage.co.uk\/sal-island\/","name":"Sal Island for Cape Verde Holidays | The Lagoon","isPartOf":{"@id":"https:\/\/lagoonresort.blimeystage.co.uk\/#website"},"primaryImageOfPage":{"@id":"https:\/\/lagoonresort.blimeystage.co.uk\/sal-island\/#primaryimage"},"image":{"@id":"https:\/\/lagoonresort.blimeystage.co.uk\/sal-island\/#primaryimage"},"thumbnailUrl":"https:\/\/lagoonresort.blimeystage.co.uk\/wp-content\/uploads\/salislandpageheader-bannerimage-1445x867px.webp","datePublished":"2024-06-24T14:29:55+00:00","dateModified":"2025-02-17T11:20:58+00:00","description":"Explore Sal Island\u2019s golden beaches, crystal-clear waters & vibrant culture. Experience unforgettable Cape Verde with The Lagoon Resorts. Click today for more info.","breadcrumb":{"@id":"https:\/\/lagoonresort.blimeystage.co.uk\/sal-island\/#breadcrumb"},"inLanguage":"pt-PT","potentialAction":[{"@type":"ReadAction","target":["https:\/\/lagoonresort.blimeystage.co.uk\/sal-island\/"]}]},{"@type":"ImageObject","inLanguage":"pt-PT","@id":"https:\/\/lagoonresort.blimeystage.co.uk\/sal-island\/#primaryimage","url":"https:\/\/lagoonresort.blimeystage.co.uk\/wp-content\/uploads\/salislandpageheader-bannerimage-1445x867px.webp","contentUrl":"https:\/\/lagoonresort.blimeystage.co.uk\/wp-content\/uploads\/salislandpageheader-bannerimage-1445x867px.webp","width":1445,"height":867,"caption":"Boats on the beach in Cape Verde"},{"@type":"BreadcrumbList","@id":"https:\/\/lagoonresort.blimeystage.co.uk\/sal-island\/#breadcrumb","itemListElement":[{"@type":"ListItem","position":1,"name":"Home","item":"https:\/\/lagoonresort.blimeystage.co.uk\/"},{"@type":"ListItem","position":2,"name":"Sal Island"}]},{"@type":"WebSite","@id":"https:\/\/lagoonresort.blimeystage.co.uk\/#website","url":"https:\/\/lagoonresort.blimeystage.co.uk\/","name":"The Lagoon","description":"Luxury Beach Front Hotels &amp; Spas","publisher":{"@id":"https:\/\/lagoonresort.blimeystage.co.uk\/#organization"},"potentialAction":[{"@type":"SearchAction","target":{"@type":"EntryPoint","urlTemplate":"https:\/\/lagoonresort.blimeystage.co.uk\/?s={search_term_string}"},"query-input":{"@type":"PropertyValueSpecification","valueRequired":true,"valueName":"search_term_string"}}],"inLanguage":"pt-PT"},{"@type":"Organization","@id":"https:\/\/lagoonresort.blimeystage.co.uk\/#organization","name":"The Lagoon","url":"https:\/\/lagoonresort.blimeystage.co.uk\/","logo":{"@type":"ImageObject","inLanguage":"pt-PT","@id":"https:\/\/lagoonresort.blimeystage.co.uk\/#\/schema\/logo\/image\/","url":"https:\/\/lagoonresort.blimeystage.co.uk\/wp-content\/uploads\/dunasresortpageheader-bannerimage-1445x867px.webp","contentUrl":"https:\/\/lagoonresort.blimeystage.co.uk\/wp-content\/uploads\/dunasresortpageheader-bannerimage-1445x867px.webp","width":1445,"height":867,"caption":"The Lagoon"},"image":{"@id":"https:\/\/lagoonresort.blimeystage.co.uk\/#\/schema\/logo\/image\/"}}]}},"_links":{"self":[{"href":"https:\/\/lagoonresort.blimeystage.co.uk\/pt\/wp-json\/wp\/v2\/pages\/250328"}],"collection":[{"href":"https:\/\/lagoonresort.blimeystage.co.uk\/pt\/wp-json\/wp\/v2\/pages"}],"about":[{"href":"https:\/\/lagoonresort.blimeystage.co.uk\/pt\/wp-json\/wp\/v2\/types\/page"}],"author":[{"embeddable":true,"href":"https:\/\/lagoonresort.blimeystage.co.uk\/pt\/wp-json\/wp\/v2\/users\/7"}],"replies":[{"embeddable":true,"href":"https:\/\/lagoonresort.blimeystage.co.uk\/pt\/wp-json\/wp\/v2\/comments?post=250328"}],"version-history":[{"count":6,"href":"https:\/\/lagoonresort.blimeystage.co.uk\/pt\/wp-json\/wp\/v2\/pages\/250328\/revisions"}],"predecessor-version":[{"id":252472,"href":"https:\/\/lagoonresort.blimeystage.co.uk\/pt\/wp-json\/wp\/v2\/pages\/250328\/revisions\/252472"}],"wp:featuredmedia":[{"embeddable":true,"href":"https:\/\/lagoonresort.blimeystage.co.uk\/pt\/wp-json\/wp\/v2\/media\/250747"}],"wp:attachment":[{"href":"https:\/\/lagoonresort.blimeystage.co.uk\/pt\/wp-json\/wp\/v2\/media?parent=250328"}],"curies":[{"name":"wp","href":"https:\/\/api.w.org\/{rel}","templated":true}]}}